{"id":115,"date":"2011-12-12T22:28:46","date_gmt":"2011-12-12T22:28:46","guid":{"rendered":"https:\/\/www.vfcu.net\/?page_id=115"},"modified":"2023-10-24T17:02:41","modified_gmt":"2023-10-24T17:02:41","slug":"loans","status":"publish","type":"page","link":"https:\/\/www.vfcu.net\/es\/loans\/","title":{"rendered":"Pr\u00e9stamos"},"content":{"rendered":"<div id=\"ccchildpages-1\" class=\"ccchildpages ccflex onecol simple ccclearfix\"><div class=\"ccchildpage  ccodd ccpage-count-1 ccpage-id-120 ccpage-auto ccpage-has-parent ccpage-pid-115 ccpage-parent-loans\"><h3 class=\"ccpage_title ccpage_linked_title\" title=\"Autom\u00f3viles Nuevos y Usados\"><a class=\"ccpage_title_link\" href=\"https:\/\/www.vfcu.net\/es\/loans\/auto\/\" title=\"Autom\u00f3viles Nuevos y Usados\">Autom\u00f3viles Nuevos y Usados<\/a><\/h3><a class=\"ccpage_linked_thumb\" href=\"https:\/\/www.vfcu.net\/es\/loans\/auto\/\" title=\"Autom\u00f3viles Nuevos y Usados\"><img decoding=\"async\" src=\"https:\/\/www.vfcu.net\/wp-content\/smush-webp\/2025\/01\/VFCU-monitors-genauto-1024x510.jpg.webp\" class=\"cc-child-pages-thumb wp-post-image\" alt=\"Autom\u00f3viles Nuevos y Usados\" title=\"Autom\u00f3viles Nuevos y Usados\" srcset=\"https:\/\/www.vfcu.net\/wp-content\/smush-webp\/2025\/01\/VFCU-monitors-genauto-1024x510.jpg.webp 1024w, https:\/\/www.vfcu.net\/wp-content\/smush-webp\/2025\/01\/VFCU-monitors-genauto-300x149.jpg.webp 300w, https:\/\/www.vfcu.net\/wp-content\/smush-webp\/2025\/01\/VFCU-monitors-genauto-768x382.jpg.webp 768w, https:\/\/www.vfcu.net\/wp-content\/uploads\/2025\/01\/VFCU-monitors-genauto-1536x765.jpg 1536w, https:\/\/www.vfcu.net\/wp-content\/smush-webp\/2025\/01\/VFCU-monitors-genauto-640x319.jpg.webp 640w, https:\/\/www.vfcu.net\/wp-content\/smush-webp\/2025\/01\/VFCU-monitors-genauto-1200x598.jpg.webp 1200w, https:\/\/www.vfcu.net\/wp-content\/uploads\/2025\/01\/VFCU-monitors-genauto.jpg 1920w\" sizes=\"(max-width: 639px) 98vw, (max-width: 1199px) 64vw, 770px\" \/><\/a><div class=\"ccpages_excerpt\">Nosotros proveemos financiamiento para veh\u00edculos nuevos y usados con algunas de las mejores tasas de inter\u00e9s y t\u00e9rminos. 100 % de financiamiento disponibles Refinanciamiento disponible Proceso de aplicaci\u00f3n simple El...<\/div><p class=\"ccpages_more\"><a href=\"https:\/\/www.vfcu.net\/es\/loans\/auto\/\"  title=\"Read more ...\">Read more ...<\/a><\/p><\/div><div class=\"ccchildpage  cceven ccpage-count-2 ccpage-id-129 ccpage-motorcycle-boat ccpage-has-parent ccpage-pid-115 ccpage-parent-loans\"><h3 class=\"ccpage_title ccpage_linked_title\" title=\"Motocicleta, Barco, Veh\u00edculo Recreativo\"><a class=\"ccpage_title_link\" href=\"https:\/\/www.vfcu.net\/es\/loans\/motorcycle-boat\/\" title=\"Motocicleta, Barco, Veh\u00edculo Recreativo\">Motocicleta, Barco, Veh\u00edculo Recreativo<\/a><\/h3><a class=\"ccpage_linked_thumb\" href=\"https:\/\/www.vfcu.net\/es\/loans\/motorcycle-boat\/\" title=\"Motocicleta, Barco, Veh\u00edculo Recreativo\"><img decoding=\"async\" src=\"https:\/\/www.vfcu.net\/wp-content\/smush-webp\/2025\/01\/VFCU-monitors-gen-rv-1024x510.jpg.webp\" class=\"cc-child-pages-thumb wp-post-image\" alt=\"Motocicleta, Barco, Veh\u00edculo Recreativo\" title=\"Motocicleta, Barco, Veh\u00edculo Recreativo\" srcset=\"https:\/\/www.vfcu.net\/wp-content\/smush-webp\/2025\/01\/VFCU-monitors-gen-rv-1024x510.jpg.webp 1024w, https:\/\/www.vfcu.net\/wp-content\/smush-webp\/2025\/01\/VFCU-monitors-gen-rv-300x149.jpg.webp 300w, https:\/\/www.vfcu.net\/wp-content\/smush-webp\/2025\/01\/VFCU-monitors-gen-rv-768x382.jpg.webp 768w, https:\/\/www.vfcu.net\/wp-content\/uploads\/2025\/01\/VFCU-monitors-gen-rv-1536x765.jpg 1536w, https:\/\/www.vfcu.net\/wp-content\/smush-webp\/2025\/01\/VFCU-monitors-gen-rv-640x319.jpg.webp 640w, https:\/\/www.vfcu.net\/wp-content\/smush-webp\/2025\/01\/VFCU-monitors-gen-rv-1200x598.jpg.webp 1200w, https:\/\/www.vfcu.net\/wp-content\/uploads\/2025\/01\/VFCU-monitors-gen-rv.jpg 1920w\" sizes=\"(max-width: 639px) 98vw, (max-width: 1199px) 64vw, 770px\" \/><\/a><div class=\"ccpages_excerpt\">Nosotros ofrecemos financiamiento para barcos nuevos, veh\u00edculos recreativos (RVs por sus siglas en ingles), campers y motocicletas con uno de los mejores intereses y t\u00e9rminos. 100% de financiamiento disponible Re-financiamiento...<\/div><p class=\"ccpages_more\"><a href=\"https:\/\/www.vfcu.net\/es\/loans\/motorcycle-boat\/\"  title=\"Read more ...\">Read more ...<\/a><\/p><\/div><div class=\"ccchildpage  ccodd ccpage-count-3 ccpage-id-8 ccpage-equity ccpage-has-parent ccpage-pid-115 ccpage-parent-loans\"><h3 class=\"ccpage_title ccpage_linked_title\" title=\"Pr\u00e9stamos con Garant\u00eda Hipotecaria\"><a class=\"ccpage_title_link\" href=\"https:\/\/www.vfcu.net\/es\/loans\/equity\/\" title=\"Pr\u00e9stamos con Garant\u00eda Hipotecaria\">Pr\u00e9stamos con Garant\u00eda Hipotecaria<\/a><\/h3><a class=\"ccpage_linked_thumb\" href=\"https:\/\/www.vfcu.net\/es\/loans\/equity\/\" title=\"Pr\u00e9stamos con Garant\u00eda Hipotecaria\"><img decoding=\"async\" src=\"https:\/\/www.vfcu.net\/wp-content\/smush-webp\/2025\/01\/VFCU-monitors-ghe-1024x510.jpg.webp\" class=\"cc-child-pages-thumb wp-post-image\" alt=\"Pr\u00e9stamos con Garant\u00eda Hipotecaria\" title=\"Pr\u00e9stamos con Garant\u00eda Hipotecaria\" srcset=\"https:\/\/www.vfcu.net\/wp-content\/smush-webp\/2025\/01\/VFCU-monitors-ghe-1024x510.jpg.webp 1024w, https:\/\/www.vfcu.net\/wp-content\/smush-webp\/2025\/01\/VFCU-monitors-ghe-300x149.jpg.webp 300w, https:\/\/www.vfcu.net\/wp-content\/smush-webp\/2025\/01\/VFCU-monitors-ghe-768x382.jpg.webp 768w, https:\/\/www.vfcu.net\/wp-content\/uploads\/2025\/01\/VFCU-monitors-ghe-1536x765.jpg 1536w, https:\/\/www.vfcu.net\/wp-content\/smush-webp\/2025\/01\/VFCU-monitors-ghe-640x319.jpg.webp 640w, https:\/\/www.vfcu.net\/wp-content\/smush-webp\/2025\/01\/VFCU-monitors-ghe-1200x598.jpg.webp 1200w, https:\/\/www.vfcu.net\/wp-content\/uploads\/2025\/01\/VFCU-monitors-ghe.jpg 1920w\" sizes=\"(max-width: 639px) 98vw, (max-width: 1199px) 64vw, 770px\" \/><\/a><div class=\"ccpages_excerpt\">Dese la oportunidad de tener la casa de sus sue\u00f1os con nuestros pr\u00e9stamos con garant\u00eda hipotecaria. Con una tasa APR tan baja como al 4.9%, el hogar de sus sue\u00f1os...<\/div><p class=\"ccpages_more\"><a href=\"https:\/\/www.vfcu.net\/es\/loans\/equity\/\"  title=\"Read more ...\">Read more ...<\/a><\/p><\/div><div class=\"ccchildpage  cceven ccpage-count-4 ccpage-id-4618 ccpage-lot-loan ccpage-has-parent ccpage-pid-115 ccpage-parent-loans\"><h3 class=\"ccpage_title ccpage_linked_title\" title=\"Lot Loan\"><a class=\"ccpage_title_link\" href=\"https:\/\/www.vfcu.net\/es\/loans\/lot-loan\/\" title=\"Lot Loan\">Lot Loan<\/a><\/h3><a class=\"ccpage_linked_thumb\" href=\"https:\/\/www.vfcu.net\/es\/loans\/lot-loan\/\" title=\"Lot Loan\"><img decoding=\"async\" src=\"https:\/\/www.vfcu.net\/wp-content\/smush-webp\/2025\/01\/VFCU-monitors-gen-lot-1024x510.jpg.webp\" class=\"cc-child-pages-thumb wp-post-image\" alt=\"Lot Loan\" title=\"Lot Loan\" srcset=\"https:\/\/www.vfcu.net\/wp-content\/smush-webp\/2025\/01\/VFCU-monitors-gen-lot-1024x510.jpg.webp 1024w, https:\/\/www.vfcu.net\/wp-content\/smush-webp\/2025\/01\/VFCU-monitors-gen-lot-300x149.jpg.webp 300w, https:\/\/www.vfcu.net\/wp-content\/smush-webp\/2025\/01\/VFCU-monitors-gen-lot-768x382.jpg.webp 768w, https:\/\/www.vfcu.net\/wp-content\/uploads\/2025\/01\/VFCU-monitors-gen-lot-1536x765.jpg 1536w, https:\/\/www.vfcu.net\/wp-content\/smush-webp\/2025\/01\/VFCU-monitors-gen-lot-640x319.jpg.webp 640w, https:\/\/www.vfcu.net\/wp-content\/smush-webp\/2025\/01\/VFCU-monitors-gen-lot-1200x598.jpg.webp 1200w, https:\/\/www.vfcu.net\/wp-content\/uploads\/2025\/01\/VFCU-monitors-gen-lot.jpg 1920w\" sizes=\"(max-width: 639px) 98vw, (max-width: 1199px) 64vw, 770px\" \/><\/a><div class=\"ccpages_excerpt\">Become the landowner you have always wanted to be! Valley Federal Credit Union offers competitive lot loans with fixed APR rates as low as 6.50% on loans for up to...<\/div><p class=\"ccpages_more\"><a href=\"https:\/\/www.vfcu.net\/es\/loans\/lot-loan\/\"  title=\"Read more ...\">Read more ...<\/a><\/p><\/div><div class=\"ccchildpage  ccodd ccpage-count-5 ccpage-id-5837 ccpage-loyalty-loan-brownsville-credit-union ccpage-has-parent ccpage-pid-115 ccpage-parent-loans\"><h3 class=\"ccpage_title ccpage_linked_title\" title=\"Pr\u00e9stamos de Firma\/Personales\"><a class=\"ccpage_title_link\" href=\"https:\/\/www.vfcu.net\/es\/loans\/loyalty-loan-brownsville-credit-union\/\" title=\"Pr\u00e9stamos de Firma\/Personales\">Pr\u00e9stamos de Firma\/Personales<\/a><\/h3><a class=\"ccpage_linked_thumb\" href=\"https:\/\/www.vfcu.net\/es\/loans\/loyalty-loan-brownsville-credit-union\/\" title=\"Pr\u00e9stamos de Firma\/Personales\"><img decoding=\"async\" src=\"https:\/\/www.vfcu.net\/wp-content\/smush-webp\/2025\/02\/vfcu-slider-ll-1024x427.jpg.webp\" class=\"cc-child-pages-thumb wp-post-image\" alt=\"Pr\u00e9stamos de Firma\/Personales\" title=\"Pr\u00e9stamos de Firma\/Personales\" srcset=\"https:\/\/www.vfcu.net\/wp-content\/smush-webp\/2025\/02\/vfcu-slider-ll-1024x427.jpg.webp 1024w, https:\/\/www.vfcu.net\/wp-content\/smush-webp\/2025\/02\/vfcu-slider-ll-300x125.jpg.webp 300w, https:\/\/www.vfcu.net\/wp-content\/smush-webp\/2025\/02\/vfcu-slider-ll-768x320.jpg.webp 768w, https:\/\/www.vfcu.net\/wp-content\/uploads\/2025\/02\/vfcu-slider-ll-1536x640.jpg 1536w, https:\/\/www.vfcu.net\/wp-content\/smush-webp\/2025\/02\/vfcu-slider-ll-640x267.jpg.webp 640w, https:\/\/www.vfcu.net\/wp-content\/smush-webp\/2025\/02\/vfcu-slider-ll-1200x500.jpg.webp 1200w, https:\/\/www.vfcu.net\/wp-content\/uploads\/2025\/02\/vfcu-slider-ll.jpg 1800w\" sizes=\"(max-width: 639px) 98vw, (max-width: 1199px) 64vw, 770px\" \/><\/a><div class=\"ccpages_excerpt\">Valley Federal Credit Union ofrece tasas competitivas en pr\u00e9stamos de firma y los pagos pueden ser autom\u00e1ticamente deducidos de su cuenta. Estos pr\u00e9stamos son perfectos para cuando usted necesita dinero...<\/div><p class=\"ccpages_more\"><a href=\"https:\/\/www.vfcu.net\/es\/loans\/loyalty-loan-brownsville-credit-union\/\"  title=\"Read more ...\">Read more ...<\/a><\/p><\/div><div class=\"ccchildpage  cceven ccpage-count-6 ccpage-id-456 ccpage-signature-and-personal-loans ccpage-has-parent ccpage-pid-115 ccpage-parent-loans\"><h3 class=\"ccpage_title ccpage_linked_title\" title=\"Pr\u00e9stamos de Firma\/Personales\"><a class=\"ccpage_title_link\" href=\"https:\/\/www.vfcu.net\/es\/loans\/signature-and-personal-loans\/\" title=\"Pr\u00e9stamos de Firma\/Personales\">Pr\u00e9stamos de Firma\/Personales<\/a><\/h3><a class=\"ccpage_linked_thumb\" href=\"https:\/\/www.vfcu.net\/es\/loans\/signature-and-personal-loans\/\" title=\"Pr\u00e9stamos de Firma\/Personales\"><img decoding=\"async\" src=\"https:\/\/www.vfcu.net\/wp-content\/smush-webp\/2025\/05\/VFCU-sig-gen-1024x510.jpg.webp\" class=\"cc-child-pages-thumb wp-post-image\" alt=\"Pr\u00e9stamos de Firma\/Personales\" title=\"Pr\u00e9stamos de Firma\/Personales\" srcset=\"https:\/\/www.vfcu.net\/wp-content\/smush-webp\/2025\/05\/VFCU-sig-gen-1024x510.jpg.webp 1024w, https:\/\/www.vfcu.net\/wp-content\/smush-webp\/2025\/05\/VFCU-sig-gen-300x149.jpg.webp 300w, https:\/\/www.vfcu.net\/wp-content\/smush-webp\/2025\/05\/VFCU-sig-gen-768x382.jpg.webp 768w, https:\/\/www.vfcu.net\/wp-content\/uploads\/2025\/05\/VFCU-sig-gen-1536x765.jpg 1536w, https:\/\/www.vfcu.net\/wp-content\/smush-webp\/2025\/05\/VFCU-sig-gen-640x319.jpg.webp 640w, https:\/\/www.vfcu.net\/wp-content\/smush-webp\/2025\/05\/VFCU-sig-gen-1200x598.jpg.webp 1200w, https:\/\/www.vfcu.net\/wp-content\/uploads\/2025\/05\/VFCU-sig-gen.jpg 1920w\" sizes=\"(max-width: 639px) 98vw, (max-width: 1199px) 64vw, 770px\" \/><\/a><div class=\"ccpages_excerpt\">Valley Federal Credit Union ofrece tasas competitivas en pr\u00e9stamos de firma y los pagos pueden ser autom\u00e1ticamente deducidos de su cuenta. Estos pr\u00e9stamos son perfectos para cuando usted necesita dinero...<\/div><p class=\"ccpages_more\"><a href=\"https:\/\/www.vfcu.net\/es\/loans\/signature-and-personal-loans\/\"  title=\"Read more ...\">Read more ...<\/a><\/p><\/div><div class=\"ccchildpage  ccodd ccpage-count-7 ccpage-id-458 ccpage-share-secured-loans-bank-brownsville ccpage-has-parent ccpage-pid-115 ccpage-parent-loans\"><h3 class=\"ccpage_title ccpage_linked_title\" title=\"Pr\u00e9stamos Garantizados de Acciones\"><a class=\"ccpage_title_link\" href=\"https:\/\/www.vfcu.net\/es\/loans\/share-secured-loans-bank-brownsville\/\" title=\"Pr\u00e9stamos Garantizados de Acciones\">Pr\u00e9stamos Garantizados de Acciones<\/a><\/h3><a class=\"ccpage_linked_thumb\" href=\"https:\/\/www.vfcu.net\/es\/loans\/share-secured-loans-bank-brownsville\/\" title=\"Pr\u00e9stamos Garantizados de Acciones\"><img decoding=\"async\" src=\"https:\/\/www.vfcu.net\/wp-content\/uploads\/2022\/09\/holiday-loans.jpg\" class=\"cc-child-pages-thumb wp-post-image\" alt=\"Pr\u00e9stamos Garantizados de Acciones\" title=\"Pr\u00e9stamos Garantizados de Acciones\" srcset=\"https:\/\/www.vfcu.net\/wp-content\/uploads\/2022\/09\/holiday-loans.jpg 900w, https:\/\/www.vfcu.net\/wp-content\/smush-webp\/2022\/09\/holiday-loans-300x150.jpg.webp 300w, https:\/\/www.vfcu.net\/wp-content\/smush-webp\/2022\/09\/holiday-loans-768x384.jpg.webp 768w, https:\/\/www.vfcu.net\/wp-content\/smush-webp\/2022\/09\/holiday-loans-640x320.jpg.webp 640w\" sizes=\"(max-width: 639px) 98vw, (max-width: 1199px) 64vw, 770px\" \/><\/a><div class=\"ccpages_excerpt\">Los pr\u00e9stamos de dep\u00f3sito asegurado ofrecen una manera de prestar dinero con una tarifa de inter\u00e9s reducida. El pr\u00e9stamo es viene con colateral de los dep\u00f3sitos en su cuenta de...<\/div><p class=\"ccpages_more\"><a href=\"https:\/\/www.vfcu.net\/es\/loans\/share-secured-loans-bank-brownsville\/\"  title=\"Read more ...\">Read more ...<\/a><\/p><\/div><\/div>\n","protected":false},"excerpt":{"rendered":"Los pr\u00e9stamos de dep\u00f3sito asegurado ofrecen una manera de prestar dinero con una tarifa de inter\u00e9s reducida. El pr\u00e9stamo es viene con colateral de los dep\u00f3sitos en su cuenta de ahorro de acciones o certifica de acciones con plazo de VFCU. Los dividendos contin\u00faan siendo obtenidos en la cuenta o certificado aunque las acciones sean [...]","protected":false},"author":1,"featured_media":2972,"parent":0,"menu_order":33,"comment_status":"open","ping_status":"closed","template":"","meta":{"footnotes":""},"class_list":["post-115","page","type-page","status-publish","has-post-thumbnail","hentry"],"_links":{"self":[{"href":"https:\/\/www.vfcu.net\/es\/wp-json\/wp\/v2\/pages\/115","targetHints":{"allow":["GET"]}}],"collection":[{"href":"https:\/\/www.vfcu.net\/es\/wp-json\/wp\/v2\/pages"}],"about":[{"href":"https:\/\/www.vfcu.net\/es\/wp-json\/wp\/v2\/types\/page"}],"author":[{"embeddable":true,"href":"https:\/\/www.vfcu.net\/es\/wp-json\/wp\/v2\/users\/1"}],"replies":[{"embeddable":true,"href":"https:\/\/www.vfcu.net\/es\/wp-json\/wp\/v2\/comments?post=115"}],"version-history":[{"count":0,"href":"https:\/\/www.vfcu.net\/es\/wp-json\/wp\/v2\/pages\/115\/revisions"}],"wp:featuredmedia":[{"embeddable":true,"href":"https:\/\/www.vfcu.net\/es\/wp-json\/wp\/v2\/media\/2972"}],"wp:attachment":[{"href":"https:\/\/www.vfcu.net\/es\/wp-json\/wp\/v2\/media?parent=115"}],"curies":[{"name":"wp","href":"https:\/\/api.w.org\/{rel}","templated":true}]}}