{"id":120,"date":"2011-12-12T22:52:56","date_gmt":"2011-12-12T22:52:56","guid":{"rendered":"https:\/\/www.vfcu.net\/?page_id=120"},"modified":"2025-12-17T15:24:35","modified_gmt":"2025-12-17T15:24:35","slug":"auto","status":"publish","type":"page","link":"https:\/\/www.vfcu.net\/es\/loans\/auto\/","title":{"rendered":"Autom\u00f3viles Nuevos y Usados"},"content":{"rendered":"<p>Nosotros proveemos financiamiento para veh\u00edculos nuevos y usados con algunas de las mejores tasas de inter\u00e9s y t\u00e9rminos.<\/p>\n<ul>\n<li>100 % de financiamiento disponibles<\/li>\n<li>Refinanciamiento disponible<\/li>\n<li>Proceso de aplicaci\u00f3n simple<\/li>\n<li>El pr\u00e9stamo tiene incapacidad de cr\u00e9dito y de seguros de vida est\u00e1n disponibles<\/li>\n<li>Puede obtener protecci\u00f3n de activos garantizada (GAP) en la compra de su veh\u00edculo<\/li>\n<li>Bajo costo y garant\u00eda garantizada<\/li>\n<li>Aprobaci\u00f3n en casa para su conveniencia<\/li>\n<\/ul>\n<p>\u00bfNo es miembro? \u00a1\u00danase hoy mismo! Deje que le ayudemos a encontrar el carro de sus sue\u00f1os.<\/p>\n<h2>Tasas de Pr\u00e9stamo*<\/h2>\n<h3>Prestamos de Autom\u00f3viles Nuevos<\/h3>\n<p>Hasta 75 meses tan bajas como 3.65%**<\/p>\n<h3>Prestamos de Autom\u00f3viles Usados<\/h3>\n<p>Hasta 72 meses tan bajas como 5.15%**<\/p>\n<p>&nbsp;<\/p>\n<p><strong>*Las tarifas est\u00e1n sujetas a cambios sin previo aviso.<\/strong><\/p>\n<p><strong>**Ciertos t\u00e9rminos y condiciones aplican. Para m\u00e1s informaci\u00f3n visite nuestra oficina principal en Brownsville.<\/strong><\/p>\n<p><a class=\"button\" style=\"margin: 0 auto; display: block; max-width: 250px; font-weight: bold;\" href=\"https:\/\/www.netit.financial-net.com\/valleyfcu-loan\/cgi-bin\/ebs?OLB_CMD-SLN-164&amp;loan_file=..\/loan_master\" target=\"_blank\" rel=\"noopener\">Aplica Hoy!<\/a><\/p>\n","protected":false},"excerpt":{"rendered":"<p>Nosotros proveemos financiamiento para veh\u00edculos nuevos y usados con algunas de las mejores tasas de inter\u00e9s y t\u00e9rminos. 100 % de financiamiento disponibles Refinanciamiento disponible Proceso de aplicaci\u00f3n simple El pr\u00e9stamo tiene incapacidad de cr\u00e9dito y de seguros de vida est\u00e1n disponibles Puede obtener protecci\u00f3n de activos garantizada (GAP) en la compra de su veh\u00edculo [&hellip;]<\/p>\n","protected":false},"author":1,"featured_media":7238,"parent":115,"menu_order":2,"comment_status":"open","ping_status":"closed","template":"","meta":{"footnotes":""},"class_list":["post-120","page","type-page","status-publish","has-post-thumbnail","hentry"],"_links":{"self":[{"href":"https:\/\/www.vfcu.net\/es\/wp-json\/wp\/v2\/pages\/120","targetHints":{"allow":["GET"]}}],"collection":[{"href":"https:\/\/www.vfcu.net\/es\/wp-json\/wp\/v2\/pages"}],"about":[{"href":"https:\/\/www.vfcu.net\/es\/wp-json\/wp\/v2\/types\/page"}],"author":[{"embeddable":true,"href":"https:\/\/www.vfcu.net\/es\/wp-json\/wp\/v2\/users\/1"}],"replies":[{"embeddable":true,"href":"https:\/\/www.vfcu.net\/es\/wp-json\/wp\/v2\/comments?post=120"}],"version-history":[{"count":0,"href":"https:\/\/www.vfcu.net\/es\/wp-json\/wp\/v2\/pages\/120\/revisions"}],"up":[{"embeddable":true,"href":"https:\/\/www.vfcu.net\/es\/wp-json\/wp\/v2\/pages\/115"}],"wp:featuredmedia":[{"embeddable":true,"href":"https:\/\/www.vfcu.net\/es\/wp-json\/wp\/v2\/media\/7238"}],"wp:attachment":[{"href":"https:\/\/www.vfcu.net\/es\/wp-json\/wp\/v2\/media?parent=120"}],"curies":[{"name":"wp","href":"https:\/\/api.w.org\/{rel}","templated":true}]}}