{"id":129,"date":"2011-12-12T23:22:30","date_gmt":"2011-12-12T23:22:30","guid":{"rendered":"https:\/\/www.vfcu.net\/?page_id=129"},"modified":"2025-01-31T15:49:13","modified_gmt":"2025-01-31T15:49:13","slug":"motorcycle-boat","status":"publish","type":"page","link":"https:\/\/www.vfcu.net\/es\/loans\/motorcycle-boat\/","title":{"rendered":"Motocicleta, Barco, Veh\u00edculo Recreativo"},"content":{"rendered":"<p>Nosotros ofrecemos financiamiento para barcos nuevos, veh\u00edculos recreativos (RVs por sus siglas en ingles), campers y motocicletas con uno de los mejores intereses y t\u00e9rminos.<\/p>\n<ul>\n<li>100% de financiamiento disponible<\/li>\n<li>Re-financiamiento disponible<\/li>\n<li>Proceso de aplicaci\u00f3n simple<\/li>\n<li>Seguro de vida y cr\u00e9dito de incapacidad disponibles con el pr\u00e9stamo<\/li>\n<li>Protecci\u00f3n de activos garantizada (GAP) puede ser comprada<\/li>\n<li>Bajo costo de garant\u00eda extendida<\/li>\n<li>Aprobaci\u00f3n de su pr\u00e9stamo en casa para su conveniencia<\/li>\n<\/ul>\n<p>\u00bfNo es miembro? \u00a1\u00danase hoy mismo! \u00a1Deje que lo ayudemos a comprar la motocicleta, el barco o el veh\u00edculo recreativo que siempre ha querido!<\/p>\n<h2>Las Tarifas del Pr\u00e9stamo*<\/h2>\n<h3>Prestamos Para Motocicleta<\/h3>\n<p>Hasta 60 meses tan bajo como 7.00%**<\/p>\n<p>Hasta 72 meses tan bajo como 8.00%**<\/p>\n<h3>Harley Davidson<\/h3>\n<p>Hasta48 meses tan bajo como 4.90%**<\/p>\n<p>Hasta 60 meses tan bajo como 5.90%**<\/p>\n<p>Hasta 72 meses tan bajo como 6.90%**<\/p>\n<p>Hasta 84 meses tan bajo como 7.90%**<\/p>\n<h3>Veh\u00edculo Recreativo<\/h3>\n<p>(Barcos, motos acu\u00e1ticas, veh\u00edculos de todo terreno y tractores)<\/p>\n<h3>Nuevos<\/h3>\n<p>Hasta 60 meses tan bajo como 6.25%**<\/p>\n<p>Hasta 72 meses tan bajo como 6.75%**<\/p>\n<p>Hasta 84 meses tan bajo como 6.95%**<\/p>\n<p>Hasta 120 meses tan bajo como 7.25%**<\/p>\n<h3>Usados<\/h3>\n<p>Hasta 60 meses tan bajo como 7.25%**<\/p>\n<p>Hasta 72 meses tan bajo como 7.75%**<\/p>\n<p>Hasta 84 meses tan bajo como 7.95%**<\/p>\n<p>Hasta 120 meses tan bajo como 8.25%**<\/p>\n<p>&nbsp;<\/p>\n<p>&nbsp;<\/p>\n<p><strong>*Las tarifas pueden cambiar sin previo aviso<\/strong><\/p>\n<p><strong>**Ciertas restricciones pueden aplicar. Para m\u00e1s informaci\u00f3n, visite nuestra oficina principal en Brownsville<\/strong><\/p>\n<p><a href=\"https:\/\/www.netit.financial-net.com\/valleyfcu-loan\/cgi-bin\/ebs?OLB_CMD-SLN-164&amp;loan_file=..\/loan_master\" class=\"button\" style=\"margin:0 auto; display:block; max-width:250px; font-weight:bold;\" target=\"_blank\" rel=\"noopener\">Aplica Hoy!<\/a><\/p>\n","protected":false},"excerpt":{"rendered":"<p>Nosotros ofrecemos financiamiento para barcos nuevos, veh\u00edculos recreativos (RVs por sus siglas en ingles), campers y motocicletas con uno de los mejores intereses y t\u00e9rminos. 100% de financiamiento disponible Re-financiamiento disponible Proceso de aplicaci\u00f3n simple Seguro de vida y cr\u00e9dito de incapacidad disponibles con el pr\u00e9stamo Protecci\u00f3n de activos garantizada (GAP) puede ser comprada Bajo [&hellip;]<\/p>\n","protected":false},"author":1,"featured_media":7236,"parent":115,"menu_order":3,"comment_status":"open","ping_status":"closed","template":"","meta":{"footnotes":""},"class_list":["post-129","page","type-page","status-publish","has-post-thumbnail","hentry"],"_links":{"self":[{"href":"https:\/\/www.vfcu.net\/es\/wp-json\/wp\/v2\/pages\/129","targetHints":{"allow":["GET"]}}],"collection":[{"href":"https:\/\/www.vfcu.net\/es\/wp-json\/wp\/v2\/pages"}],"about":[{"href":"https:\/\/www.vfcu.net\/es\/wp-json\/wp\/v2\/types\/page"}],"author":[{"embeddable":true,"href":"https:\/\/www.vfcu.net\/es\/wp-json\/wp\/v2\/users\/1"}],"replies":[{"embeddable":true,"href":"https:\/\/www.vfcu.net\/es\/wp-json\/wp\/v2\/comments?post=129"}],"version-history":[{"count":0,"href":"https:\/\/www.vfcu.net\/es\/wp-json\/wp\/v2\/pages\/129\/revisions"}],"up":[{"embeddable":true,"href":"https:\/\/www.vfcu.net\/es\/wp-json\/wp\/v2\/pages\/115"}],"wp:featuredmedia":[{"embeddable":true,"href":"https:\/\/www.vfcu.net\/es\/wp-json\/wp\/v2\/media\/7236"}],"wp:attachment":[{"href":"https:\/\/www.vfcu.net\/es\/wp-json\/wp\/v2\/media?parent=129"}],"curies":[{"name":"wp","href":"https:\/\/api.w.org\/{rel}","templated":true}]}}