{"id":135,"date":"2011-12-12T23:35:57","date_gmt":"2011-12-12T23:35:57","guid":{"rendered":"https:\/\/www.vfcu.net\/?page_id=135"},"modified":"2016-05-19T18:20:35","modified_gmt":"2016-05-19T18:20:35","slug":"savings-and-checking","status":"publish","type":"page","link":"https:\/\/www.vfcu.net\/es\/savings-and-checking\/","title":{"rendered":"Ahorros y Cuenta de Cheque"},"content":{"rendered":"<div id=\"ccchildpages-1\" class=\"ccchildpages ccflex onecol simple ccclearfix\"><div class=\"ccchildpage  ccodd ccpage-count-1 ccpage-id-4883 ccpage-benefits-of-using-your-mobile-app ccpage-has-parent ccpage-pid-135 ccpage-parent-savings-and-checking\"><h3 class=\"ccpage_title ccpage_linked_title\" title=\"Benefits of Using Your Mobile App\"><a class=\"ccpage_title_link\" href=\"https:\/\/www.vfcu.net\/es\/savings-and-checking\/benefits-of-using-your-mobile-app\/\" title=\"Benefits of Using Your Mobile App\">Benefits of Using Your Mobile App<\/a><\/h3><a class=\"ccpage_linked_thumb\" href=\"https:\/\/www.vfcu.net\/es\/savings-and-checking\/benefits-of-using-your-mobile-app\/\" title=\"Benefits of Using Your Mobile App\"><img decoding=\"async\" src=\"https:\/\/www.vfcu.net\/wp-content\/uploads\/2024\/01\/GettyImages-1319053530.jpg\" class=\"cc-child-pages-thumb wp-post-image\" alt=\"Benefits of Using Your Mobile App\" title=\"Benefits of Using Your Mobile App\" srcset=\"https:\/\/www.vfcu.net\/wp-content\/uploads\/2024\/01\/GettyImages-1319053530.jpg 900w, https:\/\/www.vfcu.net\/wp-content\/smush-webp\/2024\/01\/GettyImages-1319053530-300x200.jpg.webp 300w, https:\/\/www.vfcu.net\/wp-content\/smush-webp\/2024\/01\/GettyImages-1319053530-768x512.jpg.webp 768w, https:\/\/www.vfcu.net\/wp-content\/smush-webp\/2024\/01\/GettyImages-1319053530-640x427.jpg.webp 640w\" sizes=\"(max-width: 639px) 98vw, (max-width: 1199px) 64vw, 770px\" \/><\/a><div class=\"ccpages_excerpt\">Services and Member Benefits Offered While Lobbies are Closed Mobile App (members can receive their free credit score also when they sign up) UChoose rewards Online Banking and Bill Pay Apply Pay Popmoney (allows you to send money to others) Mobile Check Deposit Check Your Credit Score Tap \"My Credit Sense\" button in your banking...<\/div><p class=\"ccpages_more\"><a href=\"https:\/\/www.vfcu.net\/es\/savings-and-checking\/benefits-of-using-your-mobile-app\/\"  title=\"Read more ...\">Read more ...<\/a><\/p><\/div><div class=\"ccchildpage  cceven ccpage-count-2 ccpage-id-6701 ccpage-my-credit-sense-loans-brownsville ccpage-has-parent ccpage-pid-135 ccpage-parent-savings-and-checking\"><h3 class=\"ccpage_title ccpage_linked_title\" title=\"Benefits of Using Your Mobile App\"><a class=\"ccpage_title_link\" href=\"https:\/\/www.vfcu.net\/es\/savings-and-checking\/my-credit-sense-loans-brownsville\/\" title=\"Benefits of Using Your Mobile App\">Benefits of Using Your Mobile App<\/a><\/h3><a class=\"ccpage_linked_thumb\" href=\"https:\/\/www.vfcu.net\/es\/savings-and-checking\/my-credit-sense-loans-brownsville\/\" title=\"Benefits of Using Your Mobile App\"><img decoding=\"async\" src=\"https:\/\/www.vfcu.net\/wp-content\/uploads\/2024\/01\/GettyImages-78329144.jpg\" class=\"cc-child-pages-thumb wp-post-image\" alt=\"Benefits of Using Your Mobile App\" title=\"Benefits of Using Your Mobile App\" srcset=\"https:\/\/www.vfcu.net\/wp-content\/uploads\/2024\/01\/GettyImages-78329144.jpg 600w, https:\/\/www.vfcu.net\/wp-content\/smush-webp\/2024\/01\/GettyImages-78329144-300x200.jpg.webp 300w\" sizes=\"(max-width: 639px) 98vw, (max-width: 1199px) 64vw, 600px\" \/><\/a><div class=\"ccpages_excerpt\">Services and Member Benefits Offered While Lobbies are Closed Mobile App (members can receive their free credit score also when they sign up) UChoose rewards Online Banking and Bill Pay Apply Pay Popmoney (allows you to send money to others) Mobile Check Deposit Check Your Credit Score Tap \"My Credit Sense\" button in your banking...<\/div><p class=\"ccpages_more\"><a href=\"https:\/\/www.vfcu.net\/es\/savings-and-checking\/my-credit-sense-loans-brownsville\/\"  title=\"Read more ...\">Read more ...<\/a><\/p><\/div><div class=\"ccchildpage  ccodd ccpage-count-3 ccpage-id-6501 ccpage-youth-share-draft ccpage-has-parent ccpage-pid-135 ccpage-parent-savings-and-checking\"><h3 class=\"ccpage_title ccpage_linked_title\" title=\"Cuenta de Cheque\"><a class=\"ccpage_title_link\" href=\"https:\/\/www.vfcu.net\/es\/savings-and-checking\/youth-share-draft\/\" title=\"Cuenta de Cheque\">Cuenta de Cheque<\/a><\/h3><a class=\"ccpage_linked_thumb\" href=\"https:\/\/www.vfcu.net\/es\/savings-and-checking\/youth-share-draft\/\" title=\"Cuenta de Cheque\"><img decoding=\"async\" src=\"https:\/\/www.vfcu.net\/wp-content\/smush-webp\/2023\/10\/vfcu-youth-checking-1024x270.jpg.webp\" class=\"cc-child-pages-thumb wp-post-image\" alt=\"Cuenta de Cheque\" title=\"Cuenta de Cheque\" srcset=\"https:\/\/www.vfcu.net\/wp-content\/smush-webp\/2023\/10\/vfcu-youth-checking-1024x270.jpg.webp 1024w, https:\/\/www.vfcu.net\/wp-content\/smush-webp\/2023\/10\/vfcu-youth-checking-300x79.jpg.webp 300w, https:\/\/www.vfcu.net\/wp-content\/smush-webp\/2023\/10\/vfcu-youth-checking-768x203.jpg.webp 768w, https:\/\/www.vfcu.net\/wp-content\/uploads\/2023\/10\/vfcu-youth-checking-1536x405.jpg 1536w, https:\/\/www.vfcu.net\/wp-content\/smush-webp\/2023\/10\/vfcu-youth-checking-640x169.jpg.webp 640w, https:\/\/www.vfcu.net\/wp-content\/smush-webp\/2023\/10\/vfcu-youth-checking-1200x317.jpg.webp 1200w, https:\/\/www.vfcu.net\/wp-content\/uploads\/2023\/10\/vfcu-youth-checking.jpg 1800w\" sizes=\"(max-width: 639px) 98vw, (max-width: 1199px) 64vw, 770px\" \/><\/a><div class=\"ccpages_excerpt\">Requisitos de Balance M\u00ednimo: El balance m\u00ednimo requerido para abrir la cuenta es de $25.00. Beneficios Sin tarifa de servicio mensual Los cajeros autom\u00e1ticos de VFCU son de uso gratuito El uso del cajero autom\u00e1tico Stripes cuesta $ 0.75 Los cajeros autom\u00e1ticos no VFCU cuestan $ 2.50 para usar Banca en l\u00ednea gratuita: Pago de...<\/div><p class=\"ccpages_more\"><a href=\"https:\/\/www.vfcu.net\/es\/savings-and-checking\/youth-share-draft\/\"  title=\"Read more ...\">Read more ...<\/a><\/p><\/div><div class=\"ccchildpage  cceven ccpage-count-4 ccpage-id-133 ccpage-free-checking ccpage-has-parent ccpage-pid-135 ccpage-parent-savings-and-checking\"><h3 class=\"ccpage_title ccpage_linked_title\" title=\"Cuenta de Cheque\"><a class=\"ccpage_title_link\" href=\"https:\/\/www.vfcu.net\/es\/savings-and-checking\/free-checking\/\" title=\"Cuenta de Cheque\">Cuenta de Cheque<\/a><\/h3><a class=\"ccpage_linked_thumb\" href=\"https:\/\/www.vfcu.net\/es\/savings-and-checking\/free-checking\/\" title=\"Cuenta de Cheque\"><img decoding=\"async\" src=\"https:\/\/www.vfcu.net\/wp-content\/smush-webp\/2011\/12\/slide1-1024x270.jpg.webp\" class=\"cc-child-pages-thumb wp-post-image\" alt=\"Cuenta de Cheque\" title=\"Cuenta de Cheque\" srcset=\"https:\/\/www.vfcu.net\/wp-content\/smush-webp\/2011\/12\/slide1-1024x270.jpg.webp 1024w, https:\/\/www.vfcu.net\/wp-content\/smush-webp\/2011\/12\/slide1-300x79.jpg.webp 300w, https:\/\/www.vfcu.net\/wp-content\/smush-webp\/2011\/12\/slide1-768x203.jpg.webp 768w, https:\/\/www.vfcu.net\/wp-content\/smush-webp\/2011\/12\/slide1-640x169.jpg.webp 640w, https:\/\/www.vfcu.net\/wp-content\/smush-webp\/2011\/12\/slide1-1200x317.jpg.webp 1200w, https:\/\/www.vfcu.net\/wp-content\/uploads\/2011\/12\/slide1.jpg 1800w\" sizes=\"(max-width: 639px) 98vw, (max-width: 1199px) 64vw, 770px\" \/><\/a><div class=\"ccpages_excerpt\">Requisitos de Balance M\u00ednimo: El balance m\u00ednimo requerido para abrir la cuenta es de $25.00. Beneficios Sin tarifa de servicio mensual Los cajeros autom\u00e1ticos de VFCU son de uso gratuito El uso del cajero autom\u00e1tico Stripes cuesta $ 0.75 Los cajeros autom\u00e1ticos no VFCU cuestan $ 2.50 para usar Banca en l\u00ednea gratuita: Pago de...<\/div><p class=\"ccpages_more\"><a href=\"https:\/\/www.vfcu.net\/es\/savings-and-checking\/free-checking\/\"  title=\"Read more ...\">Read more ...<\/a><\/p><\/div><div class=\"ccchildpage  ccodd ccpage-count-5 ccpage-id-3207 ccpage-checking-banks-brownsville ccpage-has-parent ccpage-pid-135 ccpage-parent-savings-and-checking\"><h3 class=\"ccpage_title ccpage_linked_title\" title=\"Cuentas de Cheques\"><a class=\"ccpage_title_link\" href=\"https:\/\/www.vfcu.net\/es\/savings-and-checking\/checking-banks-brownsville\/\" title=\"Cuentas de Cheques\">Cuentas de Cheques<\/a><\/h3><a class=\"ccpage_linked_thumb\" href=\"https:\/\/www.vfcu.net\/es\/savings-and-checking\/checking-banks-brownsville\/\" title=\"Cuentas de Cheques\"><img decoding=\"async\" src=\"https:\/\/www.vfcu.net\/wp-content\/smush-webp\/2016\/05\/checking-1024x270.jpg.webp\" class=\"cc-child-pages-thumb wp-post-image\" alt=\"Cuentas de Cheques\" title=\"Cuentas de Cheques\" srcset=\"https:\/\/www.vfcu.net\/wp-content\/smush-webp\/2016\/05\/checking-1024x270.jpg.webp 1024w, https:\/\/www.vfcu.net\/wp-content\/smush-webp\/2016\/05\/checking-300x79.jpg.webp 300w, https:\/\/www.vfcu.net\/wp-content\/smush-webp\/2016\/05\/checking-768x203.jpg.webp 768w, https:\/\/www.vfcu.net\/wp-content\/smush-webp\/2016\/05\/checking-640x169.jpg.webp 640w, https:\/\/www.vfcu.net\/wp-content\/smush-webp\/2016\/05\/checking-1200x317.jpg.webp 1200w, https:\/\/www.vfcu.net\/wp-content\/uploads\/2016\/05\/checking.jpg 1800w\" sizes=\"(max-width: 639px) 98vw, (max-width: 1199px) 64vw, 770px\" \/><\/a><div class=\"ccpages_excerpt\">Nosotros ofrecemos un sinf\u00edn de cuentas de cheques que facilitan el mantenerse al corriente de su dinero y de sus pagos. No importa cuales sean sus preferencias de cuenta, estamos seguros que encontrara una que tenga lo que usted necesita. \u00a0 Compare Cuenta Gratis Cuenta Star Cuenta Juvenil Cuota de Servicio Mensual Gratis $8.00 Gratis...<\/div><p class=\"ccpages_more\"><a href=\"https:\/\/www.vfcu.net\/es\/savings-and-checking\/checking-banks-brownsville\/\"  title=\"Read more ...\">Read more ...<\/a><\/p><\/div><div class=\"ccchildpage  cceven ccpage-count-6 ccpage-id-138 ccpage-star-checking-account ccpage-has-parent ccpage-pid-135 ccpage-parent-savings-and-checking\"><h3 class=\"ccpage_title ccpage_linked_title\" title=\"Cuenta de Cheque STAR\"><a class=\"ccpage_title_link\" href=\"https:\/\/www.vfcu.net\/es\/savings-and-checking\/star-checking-account\/\" title=\"Cuenta de Cheque STAR\">Cuenta de Cheque STAR<\/a><\/h3><a class=\"ccpage_linked_thumb\" href=\"https:\/\/www.vfcu.net\/es\/savings-and-checking\/star-checking-account\/\" title=\"Cuenta de Cheque STAR\"><img decoding=\"async\" src=\"https:\/\/www.vfcu.net\/wp-content\/smush-webp\/2011\/12\/star-checking-1024x270.jpg.webp\" class=\"cc-child-pages-thumb wp-post-image\" alt=\"Cuenta de Cheque STAR\" title=\"Cuenta de Cheque STAR\" srcset=\"https:\/\/www.vfcu.net\/wp-content\/smush-webp\/2011\/12\/star-checking-1024x270.jpg.webp 1024w, https:\/\/www.vfcu.net\/wp-content\/smush-webp\/2011\/12\/star-checking-300x79.jpg.webp 300w, https:\/\/www.vfcu.net\/wp-content\/smush-webp\/2011\/12\/star-checking-768x203.jpg.webp 768w, https:\/\/www.vfcu.net\/wp-content\/smush-webp\/2011\/12\/star-checking-640x169.jpg.webp 640w, https:\/\/www.vfcu.net\/wp-content\/smush-webp\/2011\/12\/star-checking-1200x317.jpg.webp 1200w, https:\/\/www.vfcu.net\/wp-content\/uploads\/2011\/12\/star-checking.jpg 1800w\" sizes=\"(max-width: 639px) 98vw, (max-width: 1199px) 64vw, 770px\" \/><\/a><div class=\"ccpages_excerpt\">Informaci\u00f3n de Tarifas: La tasa de dividendo y la tasa anual pueden cambiar en cualquier momento seg\u00fan como sea determinado por la junta de directores. Capitalizaci\u00f3n y Abono: Los dividendos se agravaran cada d\u00eda. Los dividendos ser\u00e1n acreditados a su cuenta cada mes. Requisitos del Balance M\u00ednimo: El balance m\u00ednimo requerido para abrir esta cuenta...<\/div><p class=\"ccpages_more\"><a href=\"https:\/\/www.vfcu.net\/es\/savings-and-checking\/star-checking-account\/\"  title=\"Read more ...\">Read more ...<\/a><\/p><\/div><div class=\"ccchildpage  ccodd ccpage-count-7 ccpage-id-140 ccpage-savings ccpage-has-parent ccpage-pid-135 ccpage-parent-savings-and-checking\"><h3 class=\"ccpage_title ccpage_linked_title\" title=\"Ahorros\"><a class=\"ccpage_title_link\" href=\"https:\/\/www.vfcu.net\/es\/savings-and-checking\/savings\/\" title=\"Ahorros\">Ahorros<\/a><\/h3><a class=\"ccpage_linked_thumb\" href=\"https:\/\/www.vfcu.net\/es\/savings-and-checking\/savings\/\" title=\"Ahorros\"><img decoding=\"async\" src=\"https:\/\/www.vfcu.net\/wp-content\/smush-webp\/2011\/12\/savings-1024x270.jpg.webp\" class=\"cc-child-pages-thumb wp-post-image\" alt=\"Ahorros\" title=\"Ahorros\" srcset=\"https:\/\/www.vfcu.net\/wp-content\/smush-webp\/2011\/12\/savings-1024x270.jpg.webp 1024w, https:\/\/www.vfcu.net\/wp-content\/smush-webp\/2011\/12\/savings-300x79.jpg.webp 300w, https:\/\/www.vfcu.net\/wp-content\/smush-webp\/2011\/12\/savings-768x203.jpg.webp 768w, https:\/\/www.vfcu.net\/wp-content\/smush-webp\/2011\/12\/savings-640x169.jpg.webp 640w, https:\/\/www.vfcu.net\/wp-content\/smush-webp\/2011\/12\/savings-1200x317.jpg.webp 1200w, https:\/\/www.vfcu.net\/wp-content\/uploads\/2011\/12\/savings.jpg 1800w\" sizes=\"(max-width: 639px) 98vw, (max-width: 1199px) 64vw, 770px\" \/><\/a><div class=\"ccpages_excerpt\">Informaci\u00f3n de Tarifas: La tasa de dividendo y la tasa anual pueden cambiar en cualquier momento, como sea determinado por los directores de la junta de la uni\u00f3n de cr\u00e9dito. Requisitos de Balance M\u00ednimo: El balance m\u00ednimo requerido para abrir esta cuenta es de $25.00. Usted debe de mantener un balance diario m\u00ednimo de $500.00...<\/div><p class=\"ccpages_more\"><a href=\"https:\/\/www.vfcu.net\/es\/savings-and-checking\/savings\/\"  title=\"Read more ...\">Read more ...<\/a><\/p><\/div><div class=\"ccchildpage  cceven ccpage-count-8 ccpage-id-144 ccpage-money-market ccpage-has-parent ccpage-pid-135 ccpage-parent-savings-and-checking\"><h3 class=\"ccpage_title ccpage_linked_title\" title=\"Money Market\"><a class=\"ccpage_title_link\" href=\"https:\/\/www.vfcu.net\/es\/savings-and-checking\/money-market\/\" title=\"Money Market\">Money Market<\/a><\/h3><a class=\"ccpage_linked_thumb\" href=\"https:\/\/www.vfcu.net\/es\/savings-and-checking\/money-market\/\" title=\"Money Market\"><img decoding=\"async\" src=\"https:\/\/www.vfcu.net\/wp-content\/smush-webp\/2012\/01\/slide5-1024x270.jpg.webp\" class=\"cc-child-pages-thumb wp-post-image\" alt=\"Money Market\" title=\"Money Market\" srcset=\"https:\/\/www.vfcu.net\/wp-content\/smush-webp\/2012\/01\/slide5-1024x270.jpg.webp 1024w, https:\/\/www.vfcu.net\/wp-content\/smush-webp\/2012\/01\/slide5-300x79.jpg.webp 300w, https:\/\/www.vfcu.net\/wp-content\/smush-webp\/2012\/01\/slide5-768x203.jpg.webp 768w, https:\/\/www.vfcu.net\/wp-content\/smush-webp\/2012\/01\/slide5-640x169.jpg.webp 640w, https:\/\/www.vfcu.net\/wp-content\/smush-webp\/2012\/01\/slide5-1200x317.jpg.webp 1200w, https:\/\/www.vfcu.net\/wp-content\/uploads\/2012\/01\/slide5.jpg 1800w\" sizes=\"(max-width: 639px) 98vw, (max-width: 1199px) 64vw, 770px\" \/><\/a><div class=\"ccpages_excerpt\">Informaci\u00f3n de Tarifas: La tasa de dividendo y la tasa anual pueden cambiar en cualquier momento, como sea determinado por los directores de la junta de la uni\u00f3n de cr\u00e9dito. Requisitos de Balance M\u00ednimo: El balance m\u00ednimo requerido para abrir esta cuenta es de $2,500.00 Usted debe de mantener esta cantidad para evitar tener una...<\/div><p class=\"ccpages_more\"><a href=\"https:\/\/www.vfcu.net\/es\/savings-and-checking\/money-market\/\"  title=\"Read more ...\">Read more ...<\/a><\/p><\/div><div class=\"ccchildpage  ccodd ccpage-count-9 ccpage-id-157 ccpage-iras ccpage-has-parent ccpage-pid-135 ccpage-parent-savings-and-checking\"><h3 class=\"ccpage_title ccpage_linked_title\" title=\"IRAs\"><a class=\"ccpage_title_link\" href=\"https:\/\/www.vfcu.net\/es\/savings-and-checking\/iras\/\" title=\"IRAs\">IRAs<\/a><\/h3><a class=\"ccpage_linked_thumb\" href=\"https:\/\/www.vfcu.net\/es\/savings-and-checking\/iras\/\" title=\"IRAs\"><img decoding=\"async\" src=\"https:\/\/www.vfcu.net\/wp-content\/smush-webp\/2011\/12\/retirement-1024x270.jpg.webp\" class=\"cc-child-pages-thumb wp-post-image\" alt=\"IRAs\" title=\"IRAs\" srcset=\"https:\/\/www.vfcu.net\/wp-content\/smush-webp\/2011\/12\/retirement-1024x270.jpg.webp 1024w, https:\/\/www.vfcu.net\/wp-content\/smush-webp\/2011\/12\/retirement-300x79.jpg.webp 300w, https:\/\/www.vfcu.net\/wp-content\/smush-webp\/2011\/12\/retirement-768x203.jpg.webp 768w, https:\/\/www.vfcu.net\/wp-content\/smush-webp\/2011\/12\/retirement-640x169.jpg.webp 640w, https:\/\/www.vfcu.net\/wp-content\/smush-webp\/2011\/12\/retirement-1200x317.jpg.webp 1200w, https:\/\/www.vfcu.net\/wp-content\/uploads\/2011\/12\/retirement.jpg 1800w\" sizes=\"(max-width: 639px) 98vw, (max-width: 1199px) 64vw, 770px\" \/><\/a><div class=\"ccpages_excerpt\">Informaci\u00f3n de Tarifas: Se le pagar\u00e1 la tasa divulgada hasta la primera madurez. M\u00e9todo de C\u00e1lculo de Su Balance Diario: Los dividendos son calculados por el m\u00e9todo de balance diario que aplica una tasa diaria peri\u00f3dica al balance en la cuenta cada d\u00eda.<\/div><p class=\"ccpages_more\"><a href=\"https:\/\/www.vfcu.net\/es\/savings-and-checking\/iras\/\"  title=\"Read more ...\">Read more ...<\/a><\/p><\/div><div class=\"ccchildpage  cceven ccpage-count-10 ccpage-id-7315 ccpage-roth-iras-credit-union-harlingen ccpage-has-parent ccpage-pid-135 ccpage-parent-savings-and-checking\"><h3 class=\"ccpage_title ccpage_linked_title\" title=\"Roth IRAs\"><a class=\"ccpage_title_link\" href=\"https:\/\/www.vfcu.net\/es\/savings-and-checking\/roth-iras-credit-union-harlingen\/\" title=\"Roth IRAs\">Roth IRAs<\/a><\/h3><a class=\"ccpage_linked_thumb\" href=\"https:\/\/www.vfcu.net\/es\/savings-and-checking\/roth-iras-credit-union-harlingen\/\" title=\"Roth IRAs\"><img decoding=\"async\" src=\"https:\/\/www.vfcu.net\/wp-content\/smush-webp\/2011\/12\/retirement-1024x270.jpg.webp\" class=\"cc-child-pages-thumb wp-post-image\" alt=\"Roth IRAs\" title=\"Roth IRAs\" srcset=\"https:\/\/www.vfcu.net\/wp-content\/smush-webp\/2011\/12\/retirement-1024x270.jpg.webp 1024w, https:\/\/www.vfcu.net\/wp-content\/smush-webp\/2011\/12\/retirement-300x79.jpg.webp 300w, https:\/\/www.vfcu.net\/wp-content\/smush-webp\/2011\/12\/retirement-768x203.jpg.webp 768w, https:\/\/www.vfcu.net\/wp-content\/smush-webp\/2011\/12\/retirement-640x169.jpg.webp 640w, https:\/\/www.vfcu.net\/wp-content\/smush-webp\/2011\/12\/retirement-1200x317.jpg.webp 1200w, https:\/\/www.vfcu.net\/wp-content\/uploads\/2011\/12\/retirement.jpg 1800w\" sizes=\"(max-width: 639px) 98vw, (max-width: 1199px) 64vw, 770px\" \/><\/a><div class=\"ccpages_excerpt\">Informaci\u00f3n de Tarifas: Se le pagar\u00e1 la tasa divulgada hasta la primera madurez. M\u00e9todo de C\u00e1lculo de Su Balance Diario: Los dividendos son calculados por el m\u00e9todo de balance diario que aplica una tasa diaria peri\u00f3dica al balance en la cuenta cada d\u00eda.<\/div><p class=\"ccpages_more\"><a href=\"https:\/\/www.vfcu.net\/es\/savings-and-checking\/roth-iras-credit-union-harlingen\/\"  title=\"Read more ...\">Read more ...<\/a><\/p><\/div><div class=\"ccchildpage  ccodd ccpage-count-11 ccpage-id-4599 ccpage-mobile-deposits ccpage-has-parent ccpage-pid-135 ccpage-parent-savings-and-checking\"><h3 class=\"ccpage_title ccpage_linked_title\" title=\"Mobile Deposits\"><a class=\"ccpage_title_link\" href=\"https:\/\/www.vfcu.net\/es\/savings-and-checking\/mobile-deposits\/\" title=\"Mobile Deposits\">Mobile Deposits<\/a><\/h3><div class=\"ccpages_excerpt\">Requirements Mobile capture deposit works with Apple or Android. Must have VFCU Home Banking and VFCU App. (feature is integrated with VFCU APP) Every check must be endorsed with a signature and must state \u201cE- Deposit Only.\u201d If these instructions are not followed the deposit will be rejected. How It Works Take a photo image...<\/div><p class=\"ccpages_more\"><a href=\"https:\/\/www.vfcu.net\/es\/savings-and-checking\/mobile-deposits\/\"  title=\"Read more ...\">Read more ...<\/a><\/p><\/div><\/div>\n","protected":false},"excerpt":{"rendered":"Requirements Mobile capture deposit works with Apple or Android. Must have VFCU Home Banking and VFCU App. (feature is integrated with VFCU APP) Every check must be endorsed with a signature and must state \u201cE- Deposit Only.\u201d If these instructions are not followed the deposit will be rejected. How It Works Take a photo image [...]","protected":false},"author":1,"featured_media":2965,"parent":0,"menu_order":39,"comment_status":"open","ping_status":"closed","template":"","meta":{"footnotes":""},"class_list":["post-135","page","type-page","status-publish","has-post-thumbnail","hentry"],"_links":{"self":[{"href":"https:\/\/www.vfcu.net\/es\/wp-json\/wp\/v2\/pages\/135","targetHints":{"allow":["GET"]}}],"collection":[{"href":"https:\/\/www.vfcu.net\/es\/wp-json\/wp\/v2\/pages"}],"about":[{"href":"https:\/\/www.vfcu.net\/es\/wp-json\/wp\/v2\/types\/page"}],"author":[{"embeddable":true,"href":"https:\/\/www.vfcu.net\/es\/wp-json\/wp\/v2\/users\/1"}],"replies":[{"embeddable":true,"href":"https:\/\/www.vfcu.net\/es\/wp-json\/wp\/v2\/comments?post=135"}],"version-history":[{"count":0,"href":"https:\/\/www.vfcu.net\/es\/wp-json\/wp\/v2\/pages\/135\/revisions"}],"wp:featuredmedia":[{"embeddable":true,"href":"https:\/\/www.vfcu.net\/es\/wp-json\/wp\/v2\/media\/2965"}],"wp:attachment":[{"href":"https:\/\/www.vfcu.net\/es\/wp-json\/wp\/v2\/media?parent=135"}],"curies":[{"name":"wp","href":"https:\/\/api.w.org\/{rel}","templated":true}]}}