{"id":138,"date":"2011-12-12T23:42:25","date_gmt":"2011-12-12T23:42:25","guid":{"rendered":"https:\/\/www.vfcu.net\/?page_id=138"},"modified":"2020-06-25T14:56:52","modified_gmt":"2020-06-25T14:56:52","slug":"star-checking-account","status":"publish","type":"page","link":"https:\/\/www.vfcu.net\/es\/savings-and-checking\/star-checking-account\/","title":{"rendered":"Cuenta de Cheque STAR"},"content":{"rendered":"<p><strong>Informaci\u00f3n de Tarifas:<\/strong> La tasa de dividendo y la tasa anual pueden cambiar en cualquier momento seg\u00fan como sea determinado por la junta de directores.<\/p>\n<p><strong>Capitalizaci\u00f3n y Abono:<\/strong> Los dividendos se agravaran cada d\u00eda. Los dividendos ser\u00e1n acreditados a su cuenta cada mes.<\/p>\n<p><strong>Requisitos del Balance M\u00ednimo:<\/strong> El balance m\u00ednimo requerido para abrir esta cuenta es de $25.00. Usted debe de mantener un balance diario m\u00ednimo de $500.00 en su cuenta para obtener el porcentaje de rendimiento anual.<\/p>\n<p><strong>Limitaciones en las Transacciones:<\/strong> Esta cuenta no tiene limitaciones de transacciones.<\/p>\n<p><strong>Cobros y Tarifas:<\/strong> Un cobro de $8.00 ser\u00e1 echo cada ciclo.<\/p>\n<h2>Beneficios<\/h2>\n<ul>\n<li>Balance de $25.00 al ser abierta<\/li>\n<li>Sin balance m\u00ednimo<\/li>\n<li>Protecci\u00f3n de sobregiro con sus ahorros<\/li>\n<li>Transacciones ilimitadas<\/li>\n<li>Cobro mensual de servicio de $8.00<\/li>\n<li>Tarjeta de d\u00e9bito de Visa<\/li>\n<li>Banco en l\u00ednea gratis<\/li>\n<li>Pagos de facturas<\/li>\n<li>Movilidad<\/li>\n<li>Extracto de cuenta en l\u00ednea<\/li>\n<li>Alertas por mensaje de texto<\/li>\n<li>Notaria gratis<\/li>\n<li>1 caja de cheques gratis anual<\/li>\n<li>1 paro de cobro gratis por cada trimestre<\/li>\n<li>3 cheques de la uni\u00f3n de cr\u00e9dito gratis por mes<\/li>\n<li>Asesor financiero gratuito<\/li>\n<li>Beneficios de la salud<\/li>\n<li>Descuentos de compras y viajes<\/li>\n<li>Seguro de muerte y desmembramiento gratis hasta de $20,000<\/li>\n<li>Beneficios de Viaje\n<ul>\n<li>Servicios de Reservaci\u00f3n de Viaje<\/li>\n<li>Dividendos Extras de Viaje<\/li>\n<li>Descuentos de Renta de Auto<\/li>\n<li>Etiqueta Localizadora de Equipaje Perdido<\/li>\n<li>Servicio de Retorno de Llaves Perdidas<\/li>\n<\/ul>\n<\/li>\n<li>Servicios de Compras y Entretenimiento\n<ul>\n<li>Descuentos de Boletos de Cine<\/li>\n<li>Descuentos de Mandado<\/li>\n<\/ul>\n<\/li>\n<li>Beneficios de Garant\u00eda\n<ul>\n<li>Protecci\u00f3n de Precio para Productos Nuevos<\/li>\n<li>Garant\u00eda Extendida<\/li>\n<li>Protecci\u00f3n de Productos por 90 D\u00edas<\/li>\n<\/ul>\n<\/li>\n<li>Beneficios de Seguro\n<ul>\n<li>Seguro de Muerte Accidental y Desmembramiento<\/li>\n<li>Seguro de Muerte Accidental y Desmembramiento para Portador Com\u00fan<\/li>\n<\/ul>\n<\/li>\n<li>Beneficios de Salud\n<ul>\n<li>Descuentos de Anteojos<\/li>\n<li>Descuentos de Lentes de Contacto<\/li>\n<li>Descuento de Farmacia<\/li>\n<li>Asistencia Medica<\/li>\n<\/ul>\n<\/li>\n<\/ul>\n","protected":false},"excerpt":{"rendered":"<p>Informaci\u00f3n de Tarifas: La tasa de dividendo y la tasa anual pueden cambiar en cualquier momento seg\u00fan como sea determinado por la junta de directores. Capitalizaci\u00f3n y Abono: Los dividendos se agravaran cada d\u00eda. Los dividendos ser\u00e1n acreditados a su cuenta cada mes. Requisitos del Balance M\u00ednimo: El balance m\u00ednimo requerido para abrir esta cuenta [&hellip;]<\/p>\n","protected":false},"author":1,"featured_media":3265,"parent":135,"menu_order":4,"comment_status":"open","ping_status":"closed","template":"","meta":{"footnotes":""},"class_list":["post-138","page","type-page","status-publish","has-post-thumbnail","hentry"],"_links":{"self":[{"href":"https:\/\/www.vfcu.net\/es\/wp-json\/wp\/v2\/pages\/138","targetHints":{"allow":["GET"]}}],"collection":[{"href":"https:\/\/www.vfcu.net\/es\/wp-json\/wp\/v2\/pages"}],"about":[{"href":"https:\/\/www.vfcu.net\/es\/wp-json\/wp\/v2\/types\/page"}],"author":[{"embeddable":true,"href":"https:\/\/www.vfcu.net\/es\/wp-json\/wp\/v2\/users\/1"}],"replies":[{"embeddable":true,"href":"https:\/\/www.vfcu.net\/es\/wp-json\/wp\/v2\/comments?post=138"}],"version-history":[{"count":0,"href":"https:\/\/www.vfcu.net\/es\/wp-json\/wp\/v2\/pages\/138\/revisions"}],"up":[{"embeddable":true,"href":"https:\/\/www.vfcu.net\/es\/wp-json\/wp\/v2\/pages\/135"}],"wp:featuredmedia":[{"embeddable":true,"href":"https:\/\/www.vfcu.net\/es\/wp-json\/wp\/v2\/media\/3265"}],"wp:attachment":[{"href":"https:\/\/www.vfcu.net\/es\/wp-json\/wp\/v2\/media?parent=138"}],"curies":[{"name":"wp","href":"https:\/\/api.w.org\/{rel}","templated":true}]}}