{"id":140,"date":"2011-12-13T17:24:22","date_gmt":"2011-12-13T17:24:22","guid":{"rendered":"https:\/\/www.vfcu.net\/?page_id=140"},"modified":"2022-09-03T18:55:28","modified_gmt":"2022-09-03T18:55:28","slug":"savings","status":"publish","type":"page","link":"https:\/\/www.vfcu.net\/es\/savings-and-checking\/savings\/","title":{"rendered":"Ahorros"},"content":{"rendered":"<p><strong>Informaci\u00f3n de Tarifas:<\/strong> La tasa de dividendo y la tasa anual pueden cambiar en cualquier momento, como sea determinado por los directores de la junta de la uni\u00f3n de cr\u00e9dito.<\/p>\n<p><strong>Requisitos de Balance M\u00ednimo:<\/strong> El balance m\u00ednimo requerido para abrir esta cuenta es de $25.00. Usted debe de mantener un balance diario m\u00ednimo de $500.00 en su cuenta para poder obtener el porcentaje de rendimiento anual.<\/p>\n<p><strong>Limitaci\u00f3n de Transacciones:<\/strong> Durante cualquier mes, usted no podr\u00e1 hacer m\u00e1s de seis retiros o transferencias a otra cuenta de alguna uni\u00f3n de cr\u00e9dito suya, o alguna otra cuenta ya sea por una transferencia autom\u00e1tica o pre autorizada, o aluna orden o instrucci\u00f3n telef\u00f3nica. No podr\u00e1 hacer m\u00e1s tres de las seis transferencias podr\u00e1n ser hechas por cheque, cuenta de d\u00e9bito o algo similar a una tercera cuenta. Si usted excede estas limitaciones de las transferencias en cualquier periodo, su cuenta podr\u00e1 ser cerrada por la uni\u00f3n de cr\u00e9dito.<\/p>\n","protected":false},"excerpt":{"rendered":"<p>Informaci\u00f3n de Tarifas: La tasa de dividendo y la tasa anual pueden cambiar en cualquier momento, como sea determinado por los directores de la junta de la uni\u00f3n de cr\u00e9dito. Requisitos de Balance M\u00ednimo: El balance m\u00ednimo requerido para abrir esta cuenta es de $25.00. Usted debe de mantener un balance diario m\u00ednimo de $500.00 [&hellip;]<\/p>\n","protected":false},"author":1,"featured_media":3261,"parent":135,"menu_order":5,"comment_status":"open","ping_status":"closed","template":"","meta":{"footnotes":""},"class_list":["post-140","page","type-page","status-publish","has-post-thumbnail","hentry"],"_links":{"self":[{"href":"https:\/\/www.vfcu.net\/es\/wp-json\/wp\/v2\/pages\/140","targetHints":{"allow":["GET"]}}],"collection":[{"href":"https:\/\/www.vfcu.net\/es\/wp-json\/wp\/v2\/pages"}],"about":[{"href":"https:\/\/www.vfcu.net\/es\/wp-json\/wp\/v2\/types\/page"}],"author":[{"embeddable":true,"href":"https:\/\/www.vfcu.net\/es\/wp-json\/wp\/v2\/users\/1"}],"replies":[{"embeddable":true,"href":"https:\/\/www.vfcu.net\/es\/wp-json\/wp\/v2\/comments?post=140"}],"version-history":[{"count":0,"href":"https:\/\/www.vfcu.net\/es\/wp-json\/wp\/v2\/pages\/140\/revisions"}],"up":[{"embeddable":true,"href":"https:\/\/www.vfcu.net\/es\/wp-json\/wp\/v2\/pages\/135"}],"wp:featuredmedia":[{"embeddable":true,"href":"https:\/\/www.vfcu.net\/es\/wp-json\/wp\/v2\/media\/3261"}],"wp:attachment":[{"href":"https:\/\/www.vfcu.net\/es\/wp-json\/wp\/v2\/media?parent=140"}],"curies":[{"name":"wp","href":"https:\/\/api.w.org\/{rel}","templated":true}]}}