{"id":144,"date":"2011-12-13T17:32:20","date_gmt":"2011-12-13T17:32:20","guid":{"rendered":"https:\/\/www.vfcu.net\/?page_id=144"},"modified":"2022-03-29T20:25:03","modified_gmt":"2022-03-29T20:25:03","slug":"money-market","status":"publish","type":"page","link":"https:\/\/www.vfcu.net\/es\/savings-and-checking\/money-market\/","title":{"rendered":"Money Market"},"content":{"rendered":"<p><strong>Informaci\u00f3n de Tarifas:<\/strong> La tasa de dividendo y la tasa anual pueden cambiar en cualquier momento, como sea determinado por los directores de la junta de la uni\u00f3n de cr\u00e9dito.<\/p>\n<p><strong>Requisitos de Balance M\u00ednimo:<\/strong> El balance m\u00ednimo requerido para abrir esta cuenta es de $2,500.00 Usted debe de mantener esta cantidad para evitar tener una cuota de balance m\u00ednimo. Si durante el mes, su balance baja debajo del balance diario requerido, su cuenta ser\u00e1 penalizada con un cobro de $20.00 por ese mes.<\/p>\n<p><strong>Limitaci\u00f3n de Transacciones:<\/strong> Durante cualquier mes, usted no podr\u00e1 hacer m\u00e1s de tres retiros sin ninguna penalizaci\u00f3n. Estos incluyen transferencias autom\u00e1ticas o pre-autorizadas, \u00f3rdenes telef\u00f3nicas o instrucciones. Si usted rebaza estas limitaciones en cualquier periodo, su cuenta podr\u00e1 ser cerrada por la uni\u00f3n de cr\u00e9dito<\/p>\n","protected":false},"excerpt":{"rendered":"<p>Informaci\u00f3n de Tarifas: La tasa de dividendo y la tasa anual pueden cambiar en cualquier momento, como sea determinado por los directores de la junta de la uni\u00f3n de cr\u00e9dito. Requisitos de Balance M\u00ednimo: El balance m\u00ednimo requerido para abrir esta cuenta es de $2,500.00 Usted debe de mantener esta cantidad para evitar tener una [&hellip;]<\/p>\n","protected":false},"author":1,"featured_media":3251,"parent":135,"menu_order":6,"comment_status":"open","ping_status":"closed","template":"","meta":{"footnotes":""},"class_list":["post-144","page","type-page","status-publish","has-post-thumbnail","hentry"],"_links":{"self":[{"href":"https:\/\/www.vfcu.net\/es\/wp-json\/wp\/v2\/pages\/144","targetHints":{"allow":["GET"]}}],"collection":[{"href":"https:\/\/www.vfcu.net\/es\/wp-json\/wp\/v2\/pages"}],"about":[{"href":"https:\/\/www.vfcu.net\/es\/wp-json\/wp\/v2\/types\/page"}],"author":[{"embeddable":true,"href":"https:\/\/www.vfcu.net\/es\/wp-json\/wp\/v2\/users\/1"}],"replies":[{"embeddable":true,"href":"https:\/\/www.vfcu.net\/es\/wp-json\/wp\/v2\/comments?post=144"}],"version-history":[{"count":0,"href":"https:\/\/www.vfcu.net\/es\/wp-json\/wp\/v2\/pages\/144\/revisions"}],"up":[{"embeddable":true,"href":"https:\/\/www.vfcu.net\/es\/wp-json\/wp\/v2\/pages\/135"}],"wp:featuredmedia":[{"embeddable":true,"href":"https:\/\/www.vfcu.net\/es\/wp-json\/wp\/v2\/media\/3251"}],"wp:attachment":[{"href":"https:\/\/www.vfcu.net\/es\/wp-json\/wp\/v2\/media?parent=144"}],"curies":[{"name":"wp","href":"https:\/\/api.w.org\/{rel}","templated":true}]}}