{"id":157,"date":"2011-12-13T18:25:38","date_gmt":"2011-12-13T18:25:38","guid":{"rendered":"https:\/\/www.vfcu.net\/?page_id=157"},"modified":"2019-11-11T16:57:48","modified_gmt":"2019-11-11T16:57:48","slug":"iras","status":"publish","type":"page","link":"https:\/\/www.vfcu.net\/es\/savings-and-checking\/iras\/","title":{"rendered":"IRAs"},"content":{"rendered":"<p><strong>Informaci\u00f3n de Tarifas:<\/strong> Se le pagar\u00e1 la tasa divulgada hasta la primera madurez.<\/p>\n<p><strong>M\u00e9todo de C\u00e1lculo de Su Balance Diario:<\/strong> Los dividendos son calculados por el m\u00e9todo de balance diario que aplica una tasa diaria peri\u00f3dica al balance en la cuenta cada d\u00eda.<\/p>\n","protected":false},"excerpt":{"rendered":"<p>Informaci\u00f3n de Tarifas: Se le pagar\u00e1 la tasa divulgada hasta la primera madurez. M\u00e9todo de C\u00e1lculo de Su Balance Diario: Los dividendos son calculados por el m\u00e9todo de balance diario que aplica una tasa diaria peri\u00f3dica al balance en la cuenta cada d\u00eda.<\/p>\n","protected":false},"author":1,"featured_media":3267,"parent":135,"menu_order":7,"comment_status":"open","ping_status":"closed","template":"","meta":{"footnotes":""},"class_list":["post-157","page","type-page","status-publish","has-post-thumbnail","hentry"],"_links":{"self":[{"href":"https:\/\/www.vfcu.net\/es\/wp-json\/wp\/v2\/pages\/157","targetHints":{"allow":["GET"]}}],"collection":[{"href":"https:\/\/www.vfcu.net\/es\/wp-json\/wp\/v2\/pages"}],"about":[{"href":"https:\/\/www.vfcu.net\/es\/wp-json\/wp\/v2\/types\/page"}],"author":[{"embeddable":true,"href":"https:\/\/www.vfcu.net\/es\/wp-json\/wp\/v2\/users\/1"}],"replies":[{"embeddable":true,"href":"https:\/\/www.vfcu.net\/es\/wp-json\/wp\/v2\/comments?post=157"}],"version-history":[{"count":0,"href":"https:\/\/www.vfcu.net\/es\/wp-json\/wp\/v2\/pages\/157\/revisions"}],"up":[{"embeddable":true,"href":"https:\/\/www.vfcu.net\/es\/wp-json\/wp\/v2\/pages\/135"}],"wp:featuredmedia":[{"embeddable":true,"href":"https:\/\/www.vfcu.net\/es\/wp-json\/wp\/v2\/media\/3267"}],"wp:attachment":[{"href":"https:\/\/www.vfcu.net\/es\/wp-json\/wp\/v2\/media?parent=157"}],"curies":[{"name":"wp","href":"https:\/\/api.w.org\/{rel}","templated":true}]}}