{"id":183,"date":"2011-12-15T16:04:39","date_gmt":"2011-12-15T16:04:39","guid":{"rendered":"https:\/\/www.vfcu.net\/?page_id=183"},"modified":"2016-04-08T14:39:22","modified_gmt":"2016-04-08T14:39:22","slug":"cards","status":"publish","type":"page","link":"https:\/\/www.vfcu.net\/es\/cards\/","title":{"rendered":"Cards"},"content":{"rendered":"<div id=\"ccchildpages-1\" class=\"ccchildpages ccflex onecol simple ccclearfix\"><div class=\"ccchildpage  ccodd ccpage-count-1 ccpage-id-6455 ccpage-money-movement ccpage-has-parent ccpage-pid-183 ccpage-parent-cards\"><h3 class=\"ccpage_title ccpage_linked_title\" title=\"Money Movement\"><a class=\"ccpage_title_link\" href=\"https:\/\/www.vfcu.net\/es\/cards\/money-movement\/\" title=\"Money Movement\">Money Movement<\/a><\/h3><a class=\"ccpage_linked_thumb\" href=\"https:\/\/www.vfcu.net\/es\/cards\/money-movement\/\" title=\"Money Movement\"><img decoding=\"async\" src=\"https:\/\/www.vfcu.net\/wp-content\/smush-webp\/2023\/09\/vfcu-slider-cardhub-1024x427.jpg.webp\" class=\"cc-child-pages-thumb wp-post-image\" alt=\"Money Movement\" title=\"Money Movement\" srcset=\"https:\/\/www.vfcu.net\/wp-content\/smush-webp\/2023\/09\/vfcu-slider-cardhub-1024x427.jpg.webp 1024w, https:\/\/www.vfcu.net\/wp-content\/smush-webp\/2023\/09\/vfcu-slider-cardhub-300x125.jpg.webp 300w, https:\/\/www.vfcu.net\/wp-content\/smush-webp\/2023\/09\/vfcu-slider-cardhub-768x320.jpg.webp 768w, https:\/\/www.vfcu.net\/wp-content\/uploads\/2023\/09\/vfcu-slider-cardhub-1536x640.jpg 1536w, https:\/\/www.vfcu.net\/wp-content\/smush-webp\/2023\/09\/vfcu-slider-cardhub-640x267.jpg.webp 640w, https:\/\/www.vfcu.net\/wp-content\/smush-webp\/2023\/09\/vfcu-slider-cardhub-1200x500.jpg.webp 1200w, https:\/\/www.vfcu.net\/wp-content\/uploads\/2023\/09\/vfcu-slider-cardhub.jpg 1800w\" sizes=\"(max-width: 639px) 98vw, (max-width: 1199px) 64vw, 770px\" \/><\/a><div class=\"ccpages_excerpt\">Handle all your financial needs from the same place. Online and mobile banking offers solutions for all of your money movement needs. Let us help give you the tools needed to take control of your finances, so you can get back to what matters most in your life. Start With This Video<\/div><p class=\"ccpages_more\"><a href=\"https:\/\/www.vfcu.net\/es\/cards\/money-movement\/\"  title=\"Read more ...\">Read more ...<\/a><\/p><\/div><div class=\"ccchildpage  cceven ccpage-count-2 ccpage-id-4389 ccpage-atm-locator ccpage-has-parent ccpage-pid-183 ccpage-parent-cards\"><h3 class=\"ccpage_title ccpage_linked_title\" title=\"VFCU ATM Locations\"><a class=\"ccpage_title_link\" href=\"https:\/\/www.vfcu.net\/es\/cards\/atm-locator\/\" title=\"VFCU ATM Locations\">VFCU ATM Locations<\/a><\/h3><a class=\"ccpage_linked_thumb\" href=\"https:\/\/www.vfcu.net\/es\/cards\/atm-locator\/\" title=\"VFCU ATM Locations\"><img decoding=\"async\" src=\"https:\/\/www.vfcu.net\/wp-content\/smush-webp\/2023\/05\/vfcu-slider-sum-atm-1024x427.jpg.webp\" class=\"cc-child-pages-thumb wp-post-image\" alt=\"VFCU ATM Locations\" title=\"VFCU ATM Locations\" srcset=\"https:\/\/www.vfcu.net\/wp-content\/smush-webp\/2023\/05\/vfcu-slider-sum-atm-1024x427.jpg.webp 1024w, https:\/\/www.vfcu.net\/wp-content\/smush-webp\/2023\/05\/vfcu-slider-sum-atm-300x125.jpg.webp 300w, https:\/\/www.vfcu.net\/wp-content\/smush-webp\/2023\/05\/vfcu-slider-sum-atm-768x320.jpg.webp 768w, https:\/\/www.vfcu.net\/wp-content\/uploads\/2023\/05\/vfcu-slider-sum-atm-1536x640.jpg 1536w, https:\/\/www.vfcu.net\/wp-content\/smush-webp\/2023\/05\/vfcu-slider-sum-atm-640x267.jpg.webp 640w, https:\/\/www.vfcu.net\/wp-content\/smush-webp\/2023\/05\/vfcu-slider-sum-atm-1200x500.jpg.webp 1200w, https:\/\/www.vfcu.net\/wp-content\/uploads\/2023\/05\/vfcu-slider-sum-atm.jpg 1800w\" sizes=\"(max-width: 639px) 98vw, (max-width: 1199px) 64vw, 770px\" \/><\/a><div class=\"ccpages_excerpt\">Shared ATM VFCU is a member of the National Shared Branch Network, which enables VFCU members to transact business at ATM outlets of other credit unions which are also members of this network. Stripes Locations Our Members also have the benefit of using any Stripes ATMS in Texas free of charge. Please use the tools...<\/div><p class=\"ccpages_more\"><a href=\"https:\/\/www.vfcu.net\/es\/cards\/atm-locator\/\"  title=\"Read more ...\">Read more ...<\/a><\/p><\/div><div class=\"ccchildpage  ccodd ccpage-count-3 ccpage-id-185 ccpage-credit-cards-credit-union-brownsville-tx ccpage-has-parent ccpage-pid-183 ccpage-parent-cards\"><h3 class=\"ccpage_title ccpage_linked_title\" title=\"Tarjetas de Cr\u00e9dito\"><a class=\"ccpage_title_link\" href=\"https:\/\/www.vfcu.net\/es\/cards\/credit-cards-credit-union-brownsville-tx\/\" title=\"Tarjetas de Cr\u00e9dito\">Tarjetas de Cr\u00e9dito<\/a><\/h3><a class=\"ccpage_linked_thumb\" href=\"https:\/\/www.vfcu.net\/es\/cards\/credit-cards-credit-union-brownsville-tx\/\" title=\"Tarjetas de Cr\u00e9dito\"><img decoding=\"async\" src=\"https:\/\/www.vfcu.net\/wp-content\/uploads\/2025\/03\/GettyImages-1372091158.jpg\" class=\"cc-child-pages-thumb wp-post-image\" alt=\"Tarjetas de Cr\u00e9dito\" title=\"Tarjetas de Cr\u00e9dito\" srcset=\"https:\/\/www.vfcu.net\/wp-content\/uploads\/2025\/03\/GettyImages-1372091158.jpg 900w, https:\/\/www.vfcu.net\/wp-content\/smush-webp\/2025\/03\/GettyImages-1372091158-300x150.jpg.webp 300w, https:\/\/www.vfcu.net\/wp-content\/smush-webp\/2025\/03\/GettyImages-1372091158-768x384.jpg.webp 768w, https:\/\/www.vfcu.net\/wp-content\/smush-webp\/2025\/03\/GettyImages-1372091158-640x320.jpg.webp 640w\" sizes=\"(max-width: 639px) 98vw, (max-width: 1199px) 64vw, 770px\" \/><\/a><div class=\"ccpages_excerpt\">Las tarjetas de cr\u00e9dito de VFCU est\u00e1n dise\u00f1adas para cumplir las necesidades de todos los residentes del Valle. Sus tasas y precios competitivos las hacen dif\u00edcil de vencer. Nuestra Platinum Card empieza en 9.95% Nuestra Gold Card empieza en 12.95% Nuestra Classic Card empieza en 17.95% &nbsp; Las tasas fijas, sin cargos de efectivo anticipado....<\/div><p class=\"ccpages_more\"><a href=\"https:\/\/www.vfcu.net\/es\/cards\/credit-cards-credit-union-brownsville-tx\/\"  title=\"Read more ...\">Read more ...<\/a><\/p><\/div><div class=\"ccchildpage  cceven ccpage-count-4 ccpage-id-242 ccpage-debit-check-cards ccpage-has-parent ccpage-pid-183 ccpage-parent-cards\"><h3 class=\"ccpage_title ccpage_linked_title\" title=\"Debit Check Cards\"><a class=\"ccpage_title_link\" href=\"https:\/\/www.vfcu.net\/es\/cards\/debit-check-cards\/\" title=\"Debit Check Cards\">Debit Check Cards<\/a><\/h3><a class=\"ccpage_linked_thumb\" href=\"https:\/\/www.vfcu.net\/es\/cards\/debit-check-cards\/\" title=\"Debit Check Cards\"><img decoding=\"async\" src=\"https:\/\/www.vfcu.net\/wp-content\/smush-webp\/2011\/12\/star-checking-1024x270.jpg.webp\" class=\"cc-child-pages-thumb wp-post-image\" alt=\"Debit Check Cards\" title=\"Debit Check Cards\" srcset=\"https:\/\/www.vfcu.net\/wp-content\/smush-webp\/2011\/12\/star-checking-1024x270.jpg.webp 1024w, https:\/\/www.vfcu.net\/wp-content\/smush-webp\/2011\/12\/star-checking-300x79.jpg.webp 300w, https:\/\/www.vfcu.net\/wp-content\/smush-webp\/2011\/12\/star-checking-768x203.jpg.webp 768w, https:\/\/www.vfcu.net\/wp-content\/smush-webp\/2011\/12\/star-checking-640x169.jpg.webp 640w, https:\/\/www.vfcu.net\/wp-content\/smush-webp\/2011\/12\/star-checking-1200x317.jpg.webp 1200w, https:\/\/www.vfcu.net\/wp-content\/uploads\/2011\/12\/star-checking.jpg 1800w\" sizes=\"(max-width: 639px) 98vw, (max-width: 1199px) 64vw, 770px\" \/><\/a><div class=\"ccpages_excerpt\">We provide VISA or Master Card debit\/check cards to our check account holders. With minimal or not fee, you can use the card to pay for bills online, via phone, or at the actual store world wide. Visit the VFCU and open a checking account and stop paying unnecessary fees.<\/div><p class=\"ccpages_more\"><a href=\"https:\/\/www.vfcu.net\/es\/cards\/debit-check-cards\/\"  title=\"Read more ...\">Read more ...<\/a><\/p><\/div><\/div>\n","protected":false},"excerpt":{"rendered":"We provide VISA or Master Card debit\/check cards to our check account holders. With minimal or not fee, you can use the card to pay for bills online, via phone, or at the actual store world wide. Visit the VFCU and open a checking account and stop paying unnecessary fees.","protected":false},"author":3,"featured_media":2713,"parent":0,"menu_order":46,"comment_status":"open","ping_status":"closed","template":"","meta":{"footnotes":""},"class_list":["post-183","page","type-page","status-publish","has-post-thumbnail","hentry"],"_links":{"self":[{"href":"https:\/\/www.vfcu.net\/es\/wp-json\/wp\/v2\/pages\/183","targetHints":{"allow":["GET"]}}],"collection":[{"href":"https:\/\/www.vfcu.net\/es\/wp-json\/wp\/v2\/pages"}],"about":[{"href":"https:\/\/www.vfcu.net\/es\/wp-json\/wp\/v2\/types\/page"}],"author":[{"embeddable":true,"href":"https:\/\/www.vfcu.net\/es\/wp-json\/wp\/v2\/users\/3"}],"replies":[{"embeddable":true,"href":"https:\/\/www.vfcu.net\/es\/wp-json\/wp\/v2\/comments?post=183"}],"version-history":[{"count":0,"href":"https:\/\/www.vfcu.net\/es\/wp-json\/wp\/v2\/pages\/183\/revisions"}],"wp:featuredmedia":[{"embeddable":true,"href":"https:\/\/www.vfcu.net\/es\/wp-json\/wp\/v2\/media\/2713"}],"wp:attachment":[{"href":"https:\/\/www.vfcu.net\/es\/wp-json\/wp\/v2\/media?parent=183"}],"curies":[{"name":"wp","href":"https:\/\/api.w.org\/{rel}","templated":true}]}}