{"id":185,"date":"2011-12-15T17:38:30","date_gmt":"2011-12-15T17:38:30","guid":{"rendered":"https:\/\/www.vfcu.net\/?page_id=185"},"modified":"2025-03-27T22:06:39","modified_gmt":"2025-03-27T22:06:39","slug":"credit-cards-credit-union-brownsville-tx","status":"publish","type":"page","link":"https:\/\/www.vfcu.net\/es\/cards\/credit-cards-credit-union-brownsville-tx\/","title":{"rendered":"Tarjetas de Cr\u00e9dito"},"content":{"rendered":"<p>Las tarjetas de cr\u00e9dito de VFCU est\u00e1n dise\u00f1adas para cumplir las necesidades de todos los residentes del Valle. Sus tasas y precios competitivos las hacen dif\u00edcil de vencer.<\/p>\n<ul>\n<li>Nuestra Platinum Card empieza en 9.95%<\/li>\n<li>Nuestra Gold Card empieza en 12.95%<\/li>\n<li>Nuestra Classic Card empieza en 17.95%<\/li>\n<\/ul>\n<p>&nbsp;<\/p>\n<p><strong>Las tasas fijas, sin cargos de efectivo anticipado. No hay cobros anuales. Visite cualquiera de nuestras localidades para m\u00e1s informaci\u00f3n.<\/strong><\/p>\n<p><a href=\"https:\/\/www.netit.financial-net.com\/valleyfcu-loan\/cgi-bin\/ebs?OLB_CMD-SLN-164&amp;loan_file=..\/loan_master\" class=\"button\" style=\"margin:0 auto; display:block; max-width:250px; font-weight:bold;\" target=\"_blank\" rel=\"noopener\">Aplica Hoy!<\/a><\/p>\n<h3>Divulgaciones de tarjeta de cr\u00e9dito<\/h3>\n<div class=\"ead-preview\"><div class=\"ead-document\" style=\"position: relative;padding-top: 90%;\"><div class=\"ead-iframe-wrapper\"><iframe src=\"\/\/docs.google.com\/viewer?url=https%3A%2F%2Fwww.vfcu.net%2Fwp-content%2Fuploads%2F2011%2F12%2Fmastercard-disclosure.pdf&amp;embedded=true&amp;hl=en\" title=\"Documento incrustado\" class=\"ead-iframe\" style=\"width: 100%;height: 100%;border: none;position: absolute;left: 0;top: 0;visibility: hidden;\"><\/iframe><\/div>\t\t\t<div class=\"ead-document-loading\" style=\"width:100%;height:100%;position:absolute;left:0;top:0;z-index:10;\">\n\t\t\t\t<div class=\"ead-loading-wrap\">\n\t\t\t\t\t<div class=\"ead-loading-main\">\n\t\t\t\t\t\t<div class=\"ead-loading\">\n\t\t\t\t\t\t\t<img decoding=\"async\" src=\"https:\/\/www.vfcu.net\/wp-content\/plugins\/embed-any-document\/images\/loading.svg\" width=\"55\" height=\"55\" alt=\"Cargador\" title=\"\">\n\t\t\t\t\t\t\t<span>Cargando...<\/span>\n\t\t\t\t\t\t<\/div>\n\t\t\t\t\t<\/div>\n\t\t\t\t\t<div class=\"ead-loading-foot\">\n\t\t\t\t\t\t<div class=\"ead-loading-foot-title\">\n\t\t\t\t\t\t\t<img decoding=\"async\" src=\"https:\/\/www.vfcu.net\/wp-content\/plugins\/embed-any-document\/images\/EAD-logo.svg\" alt=\"Logotipo de EAD\" width=\"36\" height=\"23\" title=\"\">\n\t\t\t\t\t\t\t<span>\u00bfTarda demasiado?<\/span>\n\t\t\t\t\t\t<\/div>\n\t\t\t\t\t\t<div class=\"ead-document-btn ead-reload-btn\" role=\"button\">\n\t\t\t\t\t\t\t\t<img decoding=\"async\" src=\"https:\/\/www.vfcu.net\/wp-content\/plugins\/embed-any-document\/images\/reload.svg\" alt=\"Recargar\" width=\"12\" height=\"12\" title=\"\"> Recargar el documento\t\t\t\t\t\t\t<\/div>\n\t\t\t\t\t\t\t<span>|<\/span>\n\t\t\t\t\t\t\t<a href=\"https:\/\/www.vfcu.net\/wp-content\/uploads\/2011\/12\/mastercard-disclosure.pdf\" class=\"ead-document-btn\" target=\"_blank\">\n\t\t\t\t\t\t\t\t<img decoding=\"async\" src=\"https:\/\/www.vfcu.net\/wp-content\/plugins\/embed-any-document\/images\/open.svg\" alt=\"Abrir\" width=\"12\" height=\"12\" title=\"\"> Abrir en una nueva pesta\u00f1a\t\t\t\t\t\t\t<\/a>\n\t\t\t\t\t<\/div>\n\t\t\t\t<\/div>\n\t\t\t<\/div>\n\t\t<\/div><p class=\"embed_download\"><a href=\"https:\/\/www.vfcu.net\/wp-content\/uploads\/2011\/12\/mastercard-disclosure.pdf\" download>Descargar [76.00 KB] <\/a><\/p><\/div>\n","protected":false},"excerpt":{"rendered":"<p>Las tarjetas de cr\u00e9dito de VFCU est\u00e1n dise\u00f1adas para cumplir las necesidades de todos los residentes del Valle. Sus tasas y precios competitivos las hacen dif\u00edcil de vencer. Nuestra Platinum Card empieza en 9.95% Nuestra Gold Card empieza en 12.95% Nuestra Classic Card empieza en 17.95% &nbsp; Las tasas fijas, sin cargos de efectivo anticipado. [&hellip;]<\/p>\n","protected":false},"author":1,"featured_media":7336,"parent":183,"menu_order":2,"comment_status":"open","ping_status":"closed","template":"","meta":{"footnotes":""},"class_list":["post-185","page","type-page","status-publish","has-post-thumbnail","hentry"],"_links":{"self":[{"href":"https:\/\/www.vfcu.net\/es\/wp-json\/wp\/v2\/pages\/185","targetHints":{"allow":["GET"]}}],"collection":[{"href":"https:\/\/www.vfcu.net\/es\/wp-json\/wp\/v2\/pages"}],"about":[{"href":"https:\/\/www.vfcu.net\/es\/wp-json\/wp\/v2\/types\/page"}],"author":[{"embeddable":true,"href":"https:\/\/www.vfcu.net\/es\/wp-json\/wp\/v2\/users\/1"}],"replies":[{"embeddable":true,"href":"https:\/\/www.vfcu.net\/es\/wp-json\/wp\/v2\/comments?post=185"}],"version-history":[{"count":0,"href":"https:\/\/www.vfcu.net\/es\/wp-json\/wp\/v2\/pages\/185\/revisions"}],"up":[{"embeddable":true,"href":"https:\/\/www.vfcu.net\/es\/wp-json\/wp\/v2\/pages\/183"}],"wp:featuredmedia":[{"embeddable":true,"href":"https:\/\/www.vfcu.net\/es\/wp-json\/wp\/v2\/media\/7336"}],"wp:attachment":[{"href":"https:\/\/www.vfcu.net\/es\/wp-json\/wp\/v2\/media?parent=185"}],"curies":[{"name":"wp","href":"https:\/\/api.w.org\/{rel}","templated":true}]}}