{"id":247,"date":"2011-12-21T17:07:55","date_gmt":"2011-12-21T17:07:55","guid":{"rendered":"https:\/\/www.vfcu.net\/?page_id=247"},"modified":"2022-09-03T19:04:39","modified_gmt":"2022-09-03T19:04:39","slug":"christmas-club","status":"publish","type":"page","link":"https:\/\/www.vfcu.net\/es\/christmas-club\/","title":{"rendered":"Club Navide\u00f1o"},"content":{"rendered":"<p><strong>Requisitos de Balance M\u00ednimo:<\/strong> El balance m\u00ednimo para abrir esta cuenta es de $1.00. Si la cuenta no tiene un balance de $25.00 para el primero de abril, la cuenta ser\u00e1 cerrada y su dinero se le regresara.<\/p>\n<p><strong>Cuotas:<\/strong> No hay retiros tempranos. Las cuentas ser\u00e1n cerradas y se le cobrara una cuota de $10.00.<\/p>\n<p><strong>Requisitos de Tiempo:<\/strong> Todos los dep\u00f3sitos deben de ser hechos para el 31 de octubre y los fondos ser\u00e1n transferidos a su cuenta compartida a mediados de noviembre con la excepci\u00f3n de $1.00 utilizado para mantener la cuenta abierta.<\/p>\n<p><strong>Informaci\u00f3n de Tarifas:<\/strong> La tasa de dividendo puede cambiar sin previo aviso.<\/p>\n","protected":false},"excerpt":{"rendered":"<p>Requisitos de Balance M\u00ednimo: El balance m\u00ednimo para abrir esta cuenta es de $1.00. Si la cuenta no tiene un balance de $25.00 para el primero de abril, la cuenta ser\u00e1 cerrada y su dinero se le regresara. Cuotas: No hay retiros tempranos. Las cuentas ser\u00e1n cerradas y se le cobrara una cuota de $10.00. [&hellip;]<\/p>\n","protected":false},"author":1,"featured_media":3263,"parent":0,"menu_order":61,"comment_status":"open","ping_status":"closed","template":"","meta":{"footnotes":""},"class_list":["post-247","page","type-page","status-publish","has-post-thumbnail","hentry"],"_links":{"self":[{"href":"https:\/\/www.vfcu.net\/es\/wp-json\/wp\/v2\/pages\/247","targetHints":{"allow":["GET"]}}],"collection":[{"href":"https:\/\/www.vfcu.net\/es\/wp-json\/wp\/v2\/pages"}],"about":[{"href":"https:\/\/www.vfcu.net\/es\/wp-json\/wp\/v2\/types\/page"}],"author":[{"embeddable":true,"href":"https:\/\/www.vfcu.net\/es\/wp-json\/wp\/v2\/users\/1"}],"replies":[{"embeddable":true,"href":"https:\/\/www.vfcu.net\/es\/wp-json\/wp\/v2\/comments?post=247"}],"version-history":[{"count":0,"href":"https:\/\/www.vfcu.net\/es\/wp-json\/wp\/v2\/pages\/247\/revisions"}],"wp:featuredmedia":[{"embeddable":true,"href":"https:\/\/www.vfcu.net\/es\/wp-json\/wp\/v2\/media\/3263"}],"wp:attachment":[{"href":"https:\/\/www.vfcu.net\/es\/wp-json\/wp\/v2\/media?parent=247"}],"curies":[{"name":"wp","href":"https:\/\/api.w.org\/{rel}","templated":true}]}}