{"id":358,"date":"2022-01-12T00:00:24","date_gmt":"2022-01-12T00:00:24","guid":{"rendered":"https:\/\/www.vfcu.net\/?page_id=358"},"modified":"2026-03-11T19:26:04","modified_gmt":"2026-03-11T19:26:04","slug":"share-jumbo-certificates","status":"publish","type":"page","link":"https:\/\/www.vfcu.net\/es\/interest-rates\/share-jumbo-certificates\/","title":{"rendered":"Certificados de Dep\u00f3sito \u2013 CD\u2019s"},"content":{"rendered":"<p><strong>Informaci\u00f3n de tarifas:<\/strong> Se le pagar\u00e1 la tasa divulgada hasta la primera madurez.<\/p>\n<p><strong>M\u00e9todo de C\u00e1lculo de Su Balance Diario:<\/strong> Los dividendos son calculados por el m\u00e9todo de balance diario que aplica una tasa diaria peri\u00f3dica al balance en la cuenta cada d\u00eda.<\/p>\n<p><strong>Limitaciones de las Transacciones:<\/strong> Despu\u00e9s de abrir la cuenta, usted no podr\u00e1 hacer adiciones hasta llegar a la fecha de madurez se\u00f1alada en la cuenta. Usted puede hacer retiros de principal de su cuenta antes de la madurez. El principal retirado antes de la madurez est\u00e1 incluido en el total sujeto a penalidad por retiro anticipado. Usted nada m\u00e1s puede retirar dividendos creados en el t\u00e9rmino antes de la madurez del mismo sin ninguna penalizaci\u00f3n. Usted solamente podr\u00e1 retirar dividendos en las fechas acreditadas.<\/p>\n<p><img decoding=\"async\" class=\"aligncenter size-full wp-image-5104\" src=\"https:\/\/www.vfcu.net\/wp-content\/uploads\/2020\/12\/2020-12-14.jpg\" alt=\"\" width=\"1920\" height=\"960\" title=\"\" srcset=\"https:\/\/www.vfcu.net\/wp-content\/uploads\/2020\/12\/2020-12-14.jpg 1920w, https:\/\/www.vfcu.net\/wp-content\/smush-webp\/2020\/12\/2020-12-14-300x150.jpg.webp 300w, https:\/\/www.vfcu.net\/wp-content\/smush-webp\/2020\/12\/2020-12-14-1024x512.jpg.webp 1024w, https:\/\/www.vfcu.net\/wp-content\/smush-webp\/2020\/12\/2020-12-14-768x384.jpg.webp 768w, https:\/\/www.vfcu.net\/wp-content\/uploads\/2020\/12\/2020-12-14-1536x768.jpg 1536w, https:\/\/www.vfcu.net\/wp-content\/smush-webp\/2020\/12\/2020-12-14-640x320.jpg.webp 640w, https:\/\/www.vfcu.net\/wp-content\/smush-webp\/2020\/12\/2020-12-14-1200x600.jpg.webp 1200w\" sizes=\"(max-width: 639px) 98vw, (max-width: 1199px) 64vw, 770px\" \/><\/p>\n","protected":false},"excerpt":{"rendered":"<p>Informaci\u00f3n de tarifas: Se le pagar\u00e1 la tasa divulgada hasta la primera madurez. M\u00e9todo de C\u00e1lculo de Su Balance Diario: Los dividendos son calculados por el m\u00e9todo de balance diario que aplica una tasa diaria peri\u00f3dica al balance en la cuenta cada d\u00eda. Limitaciones de las Transacciones: Despu\u00e9s de abrir la cuenta, usted no podr\u00e1 [&hellip;]<\/p>\n","protected":false},"author":1,"featured_media":3266,"parent":472,"menu_order":2,"comment_status":"open","ping_status":"closed","template":"","meta":{"footnotes":""},"class_list":["post-358","page","type-page","status-publish","has-post-thumbnail","hentry"],"_links":{"self":[{"href":"https:\/\/www.vfcu.net\/es\/wp-json\/wp\/v2\/pages\/358","targetHints":{"allow":["GET"]}}],"collection":[{"href":"https:\/\/www.vfcu.net\/es\/wp-json\/wp\/v2\/pages"}],"about":[{"href":"https:\/\/www.vfcu.net\/es\/wp-json\/wp\/v2\/types\/page"}],"author":[{"embeddable":true,"href":"https:\/\/www.vfcu.net\/es\/wp-json\/wp\/v2\/users\/1"}],"replies":[{"embeddable":true,"href":"https:\/\/www.vfcu.net\/es\/wp-json\/wp\/v2\/comments?post=358"}],"version-history":[{"count":0,"href":"https:\/\/www.vfcu.net\/es\/wp-json\/wp\/v2\/pages\/358\/revisions"}],"up":[{"embeddable":true,"href":"https:\/\/www.vfcu.net\/es\/wp-json\/wp\/v2\/pages\/472"}],"wp:featuredmedia":[{"embeddable":true,"href":"https:\/\/www.vfcu.net\/es\/wp-json\/wp\/v2\/media\/3266"}],"wp:attachment":[{"href":"https:\/\/www.vfcu.net\/es\/wp-json\/wp\/v2\/media?parent=358"}],"curies":[{"name":"wp","href":"https:\/\/api.w.org\/{rel}","templated":true}]}}