{"id":458,"date":"2012-01-25T21:31:48","date_gmt":"2012-01-25T21:31:48","guid":{"rendered":"https:\/\/www.vfcu.net\/?page_id=458"},"modified":"2025-03-27T21:57:38","modified_gmt":"2025-03-27T21:57:38","slug":"share-secured-loans-bank-brownsville","status":"publish","type":"page","link":"https:\/\/www.vfcu.net\/es\/loans\/share-secured-loans-bank-brownsville\/","title":{"rendered":"Pr\u00e9stamos Garantizados de Acciones"},"content":{"rendered":"<p>Los pr\u00e9stamos de dep\u00f3sito asegurado ofrecen una manera de prestar dinero con una tarifa de inter\u00e9s reducida. El pr\u00e9stamo es viene con colateral de los dep\u00f3sitos en su cuenta de ahorro de acciones o certifica de acciones con plazo de VFCU.<\/p>\n<p>Los dividendos contin\u00faan siendo obtenidos en la cuenta o certificado aunque las acciones sean comprometidas al pr\u00e9stamo. La uni\u00f3n de cr\u00e9dito tambi\u00e9n ofrece seguro de incapacidad temporal de cr\u00e9dito y seguro de vida de cr\u00e9dito a un costo nominal.<\/p>\n<p>&nbsp;<\/p>\n<p><em><strong>For Share Secured and Certificate of Deposit Secured loan rates, <a href=\"\/locations\/\">please call our main office or our Harlingen branch for details.<\/a><\/strong><\/em><\/p>\n<p><a href=\"https:\/\/www.netit.financial-net.com\/valleyfcu-loan\/cgi-bin\/ebs?OLB_CMD-SLN-164&amp;loan_file=..\/loan_master\" class=\"button\" style=\"margin:0 auto; display:block; max-width:250px; font-weight:bold;\" target=\"_blank\" rel=\"noopener\">Aplica Hoy!<\/a><\/p>\n","protected":false},"excerpt":{"rendered":"<p>Los pr\u00e9stamos de dep\u00f3sito asegurado ofrecen una manera de prestar dinero con una tarifa de inter\u00e9s reducida. El pr\u00e9stamo es viene con colateral de los dep\u00f3sitos en su cuenta de ahorro de acciones o certifica de acciones con plazo de VFCU. Los dividendos contin\u00faan siendo obtenidos en la cuenta o certificado aunque las acciones sean [&hellip;]<\/p>\n","protected":false},"author":1,"featured_media":5974,"parent":115,"menu_order":9,"comment_status":"open","ping_status":"closed","template":"","meta":{"footnotes":""},"class_list":["post-458","page","type-page","status-publish","has-post-thumbnail","hentry"],"_links":{"self":[{"href":"https:\/\/www.vfcu.net\/es\/wp-json\/wp\/v2\/pages\/458","targetHints":{"allow":["GET"]}}],"collection":[{"href":"https:\/\/www.vfcu.net\/es\/wp-json\/wp\/v2\/pages"}],"about":[{"href":"https:\/\/www.vfcu.net\/es\/wp-json\/wp\/v2\/types\/page"}],"author":[{"embeddable":true,"href":"https:\/\/www.vfcu.net\/es\/wp-json\/wp\/v2\/users\/1"}],"replies":[{"embeddable":true,"href":"https:\/\/www.vfcu.net\/es\/wp-json\/wp\/v2\/comments?post=458"}],"version-history":[{"count":0,"href":"https:\/\/www.vfcu.net\/es\/wp-json\/wp\/v2\/pages\/458\/revisions"}],"up":[{"embeddable":true,"href":"https:\/\/www.vfcu.net\/es\/wp-json\/wp\/v2\/pages\/115"}],"wp:featuredmedia":[{"embeddable":true,"href":"https:\/\/www.vfcu.net\/es\/wp-json\/wp\/v2\/media\/5974"}],"wp:attachment":[{"href":"https:\/\/www.vfcu.net\/es\/wp-json\/wp\/v2\/media?parent=458"}],"curies":[{"name":"wp","href":"https:\/\/api.w.org\/{rel}","templated":true}]}}