{"id":472,"date":"2012-01-26T17:33:57","date_gmt":"2012-01-26T17:33:57","guid":{"rendered":"https:\/\/www.vfcu.net\/?page_id=472"},"modified":"2022-08-17T14:26:11","modified_gmt":"2022-08-17T14:26:11","slug":"interest-rates","status":"publish","type":"page","link":"https:\/\/www.vfcu.net\/es\/interest-rates\/","title":{"rendered":"Interest Rates"},"content":{"rendered":"<div id=\"ccchildpages-1\" class=\"ccchildpages ccflex onecol simple ccclearfix\"><div class=\"ccchildpage  ccodd ccpage-count-1 ccpage-id-490 ccpage-savings-checkings ccpage-has-parent ccpage-pid-472 ccpage-parent-interest-rates\"><h3 class=\"ccpage_title ccpage_linked_title\" title=\"Savings &amp; Checkings\"><a class=\"ccpage_title_link\" href=\"https:\/\/www.vfcu.net\/es\/interest-rates\/savings-checkings\/\" title=\"Savings &#038; Checkings\">Savings &#038; Checkings<\/a><\/h3><a class=\"ccpage_linked_thumb\" href=\"https:\/\/www.vfcu.net\/es\/interest-rates\/savings-checkings\/\" title=\"Savings &amp; Checkings\"><img decoding=\"async\" src=\"https:\/\/www.vfcu.net\/wp-content\/smush-webp\/2022\/08\/checking-and-savings-rates-header-1-1024x270.jpg.webp\" class=\"cc-child-pages-thumb wp-post-image\" alt=\"Savings &amp; Checkings\" title=\"Savings &amp; Checkings\" srcset=\"https:\/\/www.vfcu.net\/wp-content\/smush-webp\/2022\/08\/checking-and-savings-rates-header-1-1024x270.jpg.webp 1024w, https:\/\/www.vfcu.net\/wp-content\/smush-webp\/2022\/08\/checking-and-savings-rates-header-1-300x79.jpg.webp 300w, https:\/\/www.vfcu.net\/wp-content\/smush-webp\/2022\/08\/checking-and-savings-rates-header-1-768x203.jpg.webp 768w, https:\/\/www.vfcu.net\/wp-content\/uploads\/2022\/08\/checking-and-savings-rates-header-1-1536x405.jpg 1536w, https:\/\/www.vfcu.net\/wp-content\/smush-webp\/2022\/08\/checking-and-savings-rates-header-1-640x169.jpg.webp 640w, https:\/\/www.vfcu.net\/wp-content\/smush-webp\/2022\/08\/checking-and-savings-rates-header-1-1200x317.jpg.webp 1200w, https:\/\/www.vfcu.net\/wp-content\/uploads\/2022\/08\/checking-and-savings-rates-header-1.jpg 1800w\" sizes=\"(max-width: 639px) 98vw, (max-width: 1199px) 64vw, 770px\" \/><\/a><div class=\"ccpages_excerpt\">Account Type Rate APY Comments Regular Share Account 0.15% 0.15% Dividends paid on balances over $500.00. Youth Share Account 0.15% 0.15% Dividends paid on balances over $100.00 Christmas Club Account 0.15% 0.15% Dividends paid on balances over $1.00 Checking Accounts STAR Checking Account 0.10% 0.10% Dividends paid on balances over $500.00 FREE Checking 0% 0%<\/div><p class=\"ccpages_more\"><a href=\"https:\/\/www.vfcu.net\/es\/interest-rates\/savings-checkings\/\"  title=\"Read more ...\">Read more ...<\/a><\/p><\/div><div class=\"ccchildpage  cceven ccpage-count-2 ccpage-id-488 ccpage-money-market-fund-credit-union-brownsville-tx ccpage-has-parent ccpage-pid-472 ccpage-parent-interest-rates\"><h3 class=\"ccpage_title ccpage_linked_title\" title=\"Money Market Fund\"><a class=\"ccpage_title_link\" href=\"https:\/\/www.vfcu.net\/es\/interest-rates\/money-market-fund-credit-union-brownsville-tx\/\" title=\"Money Market Fund\">Money Market Fund<\/a><\/h3><a class=\"ccpage_linked_thumb\" href=\"https:\/\/www.vfcu.net\/es\/interest-rates\/money-market-fund-credit-union-brownsville-tx\/\" title=\"Money Market Fund\"><img decoding=\"async\" src=\"https:\/\/www.vfcu.net\/wp-content\/smush-webp\/2022\/08\/money-market-rates-header-1-1024x270.jpeg.webp\" class=\"cc-child-pages-thumb wp-post-image\" alt=\"Money Market Fund\" title=\"Money Market Fund\" srcset=\"https:\/\/www.vfcu.net\/wp-content\/smush-webp\/2022\/08\/money-market-rates-header-1-1024x270.jpeg.webp 1024w, https:\/\/www.vfcu.net\/wp-content\/smush-webp\/2022\/08\/money-market-rates-header-1-300x79.jpeg.webp 300w, https:\/\/www.vfcu.net\/wp-content\/smush-webp\/2022\/08\/money-market-rates-header-1-768x203.jpeg.webp 768w, https:\/\/www.vfcu.net\/wp-content\/uploads\/2022\/08\/money-market-rates-header-1-1536x405.jpeg 1536w, https:\/\/www.vfcu.net\/wp-content\/smush-webp\/2022\/08\/money-market-rates-header-1-640x169.jpeg.webp 640w, https:\/\/www.vfcu.net\/wp-content\/smush-webp\/2022\/08\/money-market-rates-header-1-1200x317.jpeg.webp 1200w, https:\/\/www.vfcu.net\/wp-content\/uploads\/2022\/08\/money-market-rates-header-1.jpeg 1800w\" sizes=\"(max-width: 639px) 98vw, (max-width: 1199px) 64vw, 770px\" \/><\/a><div class=\"ccpages_excerpt\">Building your savings wisely is key when preparing for big financial moves like securing a loan at our Credit Union Brownsville TX. One strategic way to grow your money while maintaining liquidity is through a Money Market Fund. At VFCU, we offer a Money Market option for members who want low-risk growth while keeping funds...<\/div><p class=\"ccpages_more\"><a href=\"https:\/\/www.vfcu.net\/es\/interest-rates\/money-market-fund-credit-union-brownsville-tx\/\"  title=\"Read more ...\">Read more ...<\/a><\/p><\/div><div class=\"ccchildpage  ccodd ccpage-count-3 ccpage-id-358 ccpage-share-jumbo-certificates ccpage-has-parent ccpage-pid-472 ccpage-parent-interest-rates\"><h3 class=\"ccpage_title ccpage_linked_title\" title=\"Certificados de Dep\u00f3sito \u2013 CD\u2019s\"><a class=\"ccpage_title_link\" href=\"https:\/\/www.vfcu.net\/es\/interest-rates\/share-jumbo-certificates\/\" title=\"Certificados de Dep\u00f3sito \u2013 CD\u2019s\">Certificados de Dep\u00f3sito \u2013 CD\u2019s<\/a><\/h3><a class=\"ccpage_linked_thumb\" href=\"https:\/\/www.vfcu.net\/es\/interest-rates\/share-jumbo-certificates\/\" title=\"Certificados de Dep\u00f3sito \u2013 CD\u2019s\"><img decoding=\"async\" src=\"https:\/\/www.vfcu.net\/wp-content\/smush-webp\/2012\/01\/certificates-1024x270.jpg.webp\" class=\"cc-child-pages-thumb wp-post-image\" alt=\"Certificados de Dep\u00f3sito \u2013 CD\u2019s\" title=\"Certificados de Dep\u00f3sito \u2013 CD\u2019s\" srcset=\"https:\/\/www.vfcu.net\/wp-content\/smush-webp\/2012\/01\/certificates-1024x270.jpg.webp 1024w, https:\/\/www.vfcu.net\/wp-content\/smush-webp\/2012\/01\/certificates-300x79.jpg.webp 300w, https:\/\/www.vfcu.net\/wp-content\/smush-webp\/2012\/01\/certificates-768x203.jpg.webp 768w, https:\/\/www.vfcu.net\/wp-content\/smush-webp\/2012\/01\/certificates-640x169.jpg.webp 640w, https:\/\/www.vfcu.net\/wp-content\/smush-webp\/2012\/01\/certificates-1200x317.jpg.webp 1200w, https:\/\/www.vfcu.net\/wp-content\/uploads\/2012\/01\/certificates.jpg 1800w\" sizes=\"(max-width: 639px) 98vw, (max-width: 1199px) 64vw, 770px\" \/><\/a><div class=\"ccpages_excerpt\">Informaci\u00f3n de tarifas: Se le pagar\u00e1 la tasa divulgada hasta la primera madurez. M\u00e9todo de C\u00e1lculo de Su Balance Diario: Los dividendos son calculados por el m\u00e9todo de balance diario que aplica una tasa diaria peri\u00f3dica al balance en la cuenta cada d\u00eda. Limitaciones de las Transacciones: Despu\u00e9s de abrir la cuenta, usted no podr\u00e1...<\/div><p class=\"ccpages_more\"><a href=\"https:\/\/www.vfcu.net\/es\/interest-rates\/share-jumbo-certificates\/\"  title=\"Read more ...\">Read more ...<\/a><\/p><\/div><div class=\"ccchildpage  cceven ccpage-count-4 ccpage-id-480 ccpage-individual-retirement-account-certificates ccpage-has-parent ccpage-pid-472 ccpage-parent-interest-rates\"><h3 class=\"ccpage_title ccpage_linked_title\" title=\"Individual Retirement Account Certificates\"><a class=\"ccpage_title_link\" href=\"https:\/\/www.vfcu.net\/es\/interest-rates\/individual-retirement-account-certificates\/\" title=\"Individual Retirement Account Certificates\">Individual Retirement Account Certificates<\/a><\/h3><a class=\"ccpage_linked_thumb\" href=\"https:\/\/www.vfcu.net\/es\/interest-rates\/individual-retirement-account-certificates\/\" title=\"Individual Retirement Account Certificates\"><img decoding=\"async\" src=\"https:\/\/www.vfcu.net\/wp-content\/smush-webp\/2022\/08\/ira-rates-header-1024x270.jpeg.webp\" class=\"cc-child-pages-thumb wp-post-image\" alt=\"Individual Retirement Account Certificates\" title=\"Individual Retirement Account Certificates\" srcset=\"https:\/\/www.vfcu.net\/wp-content\/smush-webp\/2022\/08\/ira-rates-header-1024x270.jpeg.webp 1024w, https:\/\/www.vfcu.net\/wp-content\/smush-webp\/2022\/08\/ira-rates-header-300x79.jpeg.webp 300w, https:\/\/www.vfcu.net\/wp-content\/smush-webp\/2022\/08\/ira-rates-header-768x203.jpeg.webp 768w, https:\/\/www.vfcu.net\/wp-content\/uploads\/2022\/08\/ira-rates-header-1536x405.jpeg 1536w, https:\/\/www.vfcu.net\/wp-content\/smush-webp\/2022\/08\/ira-rates-header-640x169.jpeg.webp 640w, https:\/\/www.vfcu.net\/wp-content\/smush-webp\/2022\/08\/ira-rates-header-1200x317.jpeg.webp 1200w, https:\/\/www.vfcu.net\/wp-content\/uploads\/2022\/08\/ira-rates-header.jpeg 1800w\" sizes=\"(max-width: 639px) 98vw, (max-width: 1199px) 64vw, 770px\" \/><\/a><div class=\"ccpages_excerpt\">Term Rate APY 12 MO 0.85% 0.85% 18 MO 0.90% 0.90% 30 MO 1.00% 1.00% Comments & Restrictions $1,000 Minimum to open. Subject to federal tax penalties & restrictions. Also subject to early withdrawal penalty.<\/div><p class=\"ccpages_more\"><a href=\"https:\/\/www.vfcu.net\/es\/interest-rates\/individual-retirement-account-certificates\/\"  title=\"Read more ...\">Read more ...<\/a><\/p><\/div><\/div>\n","protected":false},"excerpt":{"rendered":"Term Rate APY 12 MO 0.85% 0.85% 18 MO 0.90% 0.90% 30 MO 1.00% 1.00% Comments & Restrictions $1,000 Minimum to open. Subject to federal tax penalties & restrictions. Also subject to early withdrawal penalty.","protected":false},"author":2,"featured_media":2695,"parent":0,"menu_order":54,"comment_status":"open","ping_status":"closed","template":"","meta":{"footnotes":""},"class_list":["post-472","page","type-page","status-publish","has-post-thumbnail","hentry"],"_links":{"self":[{"href":"https:\/\/www.vfcu.net\/es\/wp-json\/wp\/v2\/pages\/472","targetHints":{"allow":["GET"]}}],"collection":[{"href":"https:\/\/www.vfcu.net\/es\/wp-json\/wp\/v2\/pages"}],"about":[{"href":"https:\/\/www.vfcu.net\/es\/wp-json\/wp\/v2\/types\/page"}],"author":[{"embeddable":true,"href":"https:\/\/www.vfcu.net\/es\/wp-json\/wp\/v2\/users\/2"}],"replies":[{"embeddable":true,"href":"https:\/\/www.vfcu.net\/es\/wp-json\/wp\/v2\/comments?post=472"}],"version-history":[{"count":0,"href":"https:\/\/www.vfcu.net\/es\/wp-json\/wp\/v2\/pages\/472\/revisions"}],"wp:featuredmedia":[{"embeddable":true,"href":"https:\/\/www.vfcu.net\/es\/wp-json\/wp\/v2\/media\/2695"}],"wp:attachment":[{"href":"https:\/\/www.vfcu.net\/es\/wp-json\/wp\/v2\/media?parent=472"}],"curies":[{"name":"wp","href":"https:\/\/api.w.org\/{rel}","templated":true}]}}