{"id":5172,"date":"2021-08-24T21:01:01","date_gmt":"2021-08-24T21:01:01","guid":{"rendered":"https:\/\/www.vfcu.net\/?page_id=5172"},"modified":"2021-12-18T22:04:04","modified_gmt":"2021-12-18T22:04:04","slug":"about-us","status":"publish","type":"page","link":"https:\/\/www.vfcu.net\/es\/about-us\/","title":{"rendered":"Con\u00f3zcanos"},"content":{"rendered":"<p>Valley Federal Credit Union (VFCU) es una instituci\u00f3n financiera progresiva y orientada en la familia con 10,000 miembros. Se traz\u00f3 en 1935 como una instituci\u00f3n de tan solo cinco miembros en la casa de uno de ellos en la calle Levee en Brownsville, Texas. A como fue creciendo el Valle, tambi\u00e9n lo vino haciendo VFCU. Despu\u00e9s de poco tiempo, cuando llegaron m\u00e1s miembros, VFCU se mud\u00f3 a una oficina m\u00e1s grande en el edificio Federal de la calle 10 y Elizabeth St. En Brownsville.<\/p>\n<p>El a\u00f1o era 1954. En esos d\u00edas, los miembros ten\u00edan que esperar a que los pr\u00e9stamos grandes fueran pagados para que ellos pudieran pedir dinero prestado para ellos mismos. Ultimadamente, los miembros fueron creciendo y hubo los fondos suficientes empezaron a llegar para hacer m\u00e1s pr\u00e9stamos.<\/p>\n<p>En 1978, 53 a\u00f1os despu\u00e9s del principio, las oficinas de VFCU fueron reubicadas a su localidad existente en 183 E. Price Road en Brownsville. Tambi\u00e9n recaudo fuerzas gracias a las uniones con empleados del condado, estatales y federales. La instituci\u00f3n ha sido modificada durante los a\u00f1os para admitir a las peque\u00f1as entidades de los condados Willacy y Cameron. Desde el 2004, cambiamos nuestra instituci\u00f3n para incluir a todas las personas insuficientemente servidas del condado Cameron, que incluye a todos aquellos que trabajan, viven, atienden la escuela o rinden culto en el condado.<\/p>\n<p>Durante nuestra larga historia, VFCU ha sido pionero en llevarles a sus miembros los beneficios de las uniones de cr\u00e9dito. Nuestro futuro promete el mismo compromiso para ofrecer los servicios m\u00e1s convenientes.<\/p>\n<h2>La Mejor Opci\u00f3n<\/h2>\n<p>VFCU ofrece servicios que otras instituciones financieras pueden no ofrecer. Mientras que estos ofrecen servicios de chequeo, tarjetas de cr\u00e9dito y pr\u00e9stamos con garant\u00eda hipotecaria, las similitudes paran aqu\u00ed. En VFCU ofrecemos las tarifas de intereses m\u00e1s bajas, menos cargos y mejores incentivos para nuevos miembros.<\/p>\n<p>Los bancos y otras instituciones no se pueden comparar con nosotros. Otras razones por las cuales VFCU es la mejor opci\u00f3n para usted incluyen:<\/p>\n<ul>\n<li>M\u00e1s de 80 a\u00f1os de historia<\/li>\n<li>Servicio personalizado<\/li>\n<li>Centro de llamadas en directo<\/li>\n<li>Tasas competitivas<\/li>\n<li>MasterCard con tasas fijas<\/li>\n<li>Dep\u00f3sitos acreditados hasta las 6:00 PM<\/li>\n<li>Aprobaciones de pr\u00e9stamos internas<\/li>\n<li>Cajeros autom\u00e1ticos en 700 tiendas de Stripes<\/li>\n<li>Protecci\u00f3n para sobregiros<\/li>\n<li>Pagos de cortes\u00eda de hasta $500.00 (incluyendo cargos)<\/li>\n<li>La primera rama dirigida por estudiantes en el Valle (Los Fresnos High School)<\/li>\n<li>Todas las ventanillas de nuestro servicio r\u00e1pido abiertas durante nuestras horas regulares<\/li>\n<li>Las citas pueden ser hechas cuando sean necesarias<\/li>\n<\/ul>\n<table style=\"line-height: 1.5;\">\n<tbody>\n<tr>\n<td><strong>Valley Federal Credit Union<\/strong><\/td>\n<td><strong>Otros Bancos<\/strong><\/td>\n<\/tr>\n<tr>\n<td>Cooperativas financieras sin fines de lucro<\/td>\n<td>Corporaciones con fines de lucro<\/td>\n<\/tr>\n<tr>\n<td>Exenta de impuestos ya que es una instituci\u00f3n sin fines de lucro y propiedad de los depositantes<\/td>\n<td>Pagar\u00eda impuestos por los beneficios distribuidos a los accionistas externos<\/td>\n<\/tr>\n<tr>\n<td>Las tasas de pr\u00e9stamo tienen un tope al 18%<\/td>\n<td>Las tasas no son reguladas<\/td>\n<\/tr>\n<tr>\n<td>Organizada para servir a un determinado FOM<\/td>\n<td>Abiertos al publico<\/td>\n<\/tr>\n<tr>\n<td>Propiedad de los miembros y controlada democr\u00e1ticamente<\/td>\n<td>Propiedad controlada por accionistas externos<\/td>\n<\/tr>\n<tr>\n<td>Enfoque en los pr\u00e9stamos del consumidor y los ahorros de los socios<\/td>\n<td>Enfoque en pr\u00e9stamos y cuentas comerciales<\/td>\n<\/tr>\n<tr>\n<td>Los dividendos son pagados a los miembros<\/td>\n<td>Los dividendos son pagados a los accionistas<\/td>\n<\/tr>\n<tr>\n<td>Comit\u00e9s y c\u00e1mara hechos de voluntarios<\/td>\n<td>La c\u00e1mara est\u00e1 compuesta de personas pagadas<\/td>\n<\/tr>\n<tr>\n<td>Conocido por tarifas y servicios favorables<\/td>\n<td>Conocidos por tarifas m\u00e1s altas y tasas menos favorables<\/td>\n<\/tr>\n<tr>\n<td>Asegurado por $250,000 por NCUASIF<\/td>\n<td>Asegurados por $250,000 por la FDIC<\/td>\n<\/tr>\n<tr>\n<td>No hay dinero de rescate<\/td>\n<td>Rescate necesario (TARP)<\/td>\n<\/tr>\n<tr>\n<td>Motivados para maximizar el servicio<\/td>\n<td>Motivados para maximizar las ganancias<\/td>\n<\/tr>\n<\/tbody>\n<\/table>\n","protected":false},"excerpt":{"rendered":"<p>Valley Federal Credit Union (VFCU) es una instituci\u00f3n financiera progresiva y orientada en la familia con 10,000 miembros. Se traz\u00f3 en 1935 como una instituci\u00f3n de tan solo cinco miembros en la casa de uno de ellos en la calle Levee en Brownsville, Texas. A como fue creciendo el Valle, tambi\u00e9n lo vino haciendo VFCU. [&hellip;]<\/p>\n","protected":false},"author":1,"featured_media":0,"parent":0,"menu_order":14,"comment_status":"open","ping_status":"closed","template":"","meta":{"footnotes":""},"class_list":["post-5172","page","type-page","status-publish","hentry"],"_links":{"self":[{"href":"https:\/\/www.vfcu.net\/es\/wp-json\/wp\/v2\/pages\/5172","targetHints":{"allow":["GET"]}}],"collection":[{"href":"https:\/\/www.vfcu.net\/es\/wp-json\/wp\/v2\/pages"}],"about":[{"href":"https:\/\/www.vfcu.net\/es\/wp-json\/wp\/v2\/types\/page"}],"author":[{"embeddable":true,"href":"https:\/\/www.vfcu.net\/es\/wp-json\/wp\/v2\/users\/1"}],"replies":[{"embeddable":true,"href":"https:\/\/www.vfcu.net\/es\/wp-json\/wp\/v2\/comments?post=5172"}],"version-history":[{"count":0,"href":"https:\/\/www.vfcu.net\/es\/wp-json\/wp\/v2\/pages\/5172\/revisions"}],"wp:attachment":[{"href":"https:\/\/www.vfcu.net\/es\/wp-json\/wp\/v2\/media?parent=5172"}],"curies":[{"name":"wp","href":"https:\/\/api.w.org\/{rel}","templated":true}]}}