{"id":5837,"date":"2022-06-27T02:48:35","date_gmt":"2022-06-27T02:48:35","guid":{"rendered":"https:\/\/www.vfcu.net\/?page_id=5837"},"modified":"2025-03-27T21:28:38","modified_gmt":"2025-03-27T21:28:38","slug":"loyalty-loan-brownsville-credit-union","status":"publish","type":"page","link":"https:\/\/www.vfcu.net\/es\/loans\/loyalty-loan-brownsville-credit-union\/","title":{"rendered":"Pr\u00e9stamos de Firma\/Personales"},"content":{"rendered":"<p>Valley Federal Credit Union ofrece tasas competitivas en pr\u00e9stamos de firma y los pagos pueden ser autom\u00e1ticamente deducidos de su cuenta. Estos pr\u00e9stamos son perfectos para cuando usted necesita dinero para gastos del regreso a escuela, emergencias familiares, vacaciones y mucho m\u00e1s.<\/p>\n<ul>\n<li>La cantidad del pr\u00e9stamo es basada en el ingreso de su hogar<\/li>\n<li>Plazo basado en la cantidad prestada<\/li>\n<\/ul>\n<h2>Las Tarifas del Pr\u00e9stamo*<\/h2>\n<h3>Pr\u00e9stamos Personales<\/h3>\n<p>Hasta 60 meses, tan bajo como 7.25%**<\/p>\n<p>&nbsp;<\/p>\n<p>&nbsp;<\/p>\n<p><strong>*Las tarifas est\u00e1n sujetas a cambios sin previo aviso<\/strong><\/p>\n<p><strong>**Se aplican ciertas restricciones. Para m\u00e1s informaci\u00f3n visite nuestra oficina principal en Brownsville.<\/strong><\/p>\n<p><a class=\"button\" style=\"margin: 0 auto; display: block; max-width: 250px; font-weight: bold;\" href=\"https:\/\/www.netit.financial-net.com\/valleyfcu-loan\/cgi-bin\/ebs?OLB_CMD-SLN-164&amp;loan_file=..\/loan_master\" target=\"_blank\" rel=\"noopener noreferrer\">Aplica Hoy!<\/a><\/p>\n","protected":false},"excerpt":{"rendered":"<p>Valley Federal Credit Union ofrece tasas competitivas en pr\u00e9stamos de firma y los pagos pueden ser autom\u00e1ticamente deducidos de su cuenta. Estos pr\u00e9stamos son perfectos para cuando usted necesita dinero para gastos del regreso a escuela, emergencias familiares, vacaciones y mucho m\u00e1s. La cantidad del pr\u00e9stamo es basada en el ingreso de su hogar Plazo [&hellip;]<\/p>\n","protected":false},"author":1,"featured_media":7297,"parent":115,"menu_order":7,"comment_status":"open","ping_status":"closed","template":"","meta":{"footnotes":""},"class_list":["post-5837","page","type-page","status-publish","has-post-thumbnail","hentry"],"_links":{"self":[{"href":"https:\/\/www.vfcu.net\/es\/wp-json\/wp\/v2\/pages\/5837","targetHints":{"allow":["GET"]}}],"collection":[{"href":"https:\/\/www.vfcu.net\/es\/wp-json\/wp\/v2\/pages"}],"about":[{"href":"https:\/\/www.vfcu.net\/es\/wp-json\/wp\/v2\/types\/page"}],"author":[{"embeddable":true,"href":"https:\/\/www.vfcu.net\/es\/wp-json\/wp\/v2\/users\/1"}],"replies":[{"embeddable":true,"href":"https:\/\/www.vfcu.net\/es\/wp-json\/wp\/v2\/comments?post=5837"}],"version-history":[{"count":0,"href":"https:\/\/www.vfcu.net\/es\/wp-json\/wp\/v2\/pages\/5837\/revisions"}],"up":[{"embeddable":true,"href":"https:\/\/www.vfcu.net\/es\/wp-json\/wp\/v2\/pages\/115"}],"wp:featuredmedia":[{"embeddable":true,"href":"https:\/\/www.vfcu.net\/es\/wp-json\/wp\/v2\/media\/7297"}],"wp:attachment":[{"href":"https:\/\/www.vfcu.net\/es\/wp-json\/wp\/v2\/media?parent=5837"}],"curies":[{"name":"wp","href":"https:\/\/api.w.org\/{rel}","templated":true}]}}