{"id":6501,"date":"2023-10-17T15:20:16","date_gmt":"2023-10-17T15:20:16","guid":{"rendered":"https:\/\/www.vfcu.net\/?page_id=6501"},"modified":"2023-10-17T15:20:16","modified_gmt":"2023-10-17T15:20:16","slug":"youth-share-draft","status":"publish","type":"page","link":"https:\/\/www.vfcu.net\/es\/savings-and-checking\/youth-share-draft\/","title":{"rendered":"Cuenta de Cheque"},"content":{"rendered":"<p><strong>Requisitos de Balance M\u00ednimo:<\/strong> El balance m\u00ednimo requerido para abrir la cuenta es de $25.00.<\/p>\n<h2>Beneficios<\/h2>\n<ul>\n<li>Sin tarifa de servicio mensual<\/li>\n<li>Los cajeros autom\u00e1ticos de VFCU son de uso gratuito<\/li>\n<li>El uso del cajero autom\u00e1tico Stripes cuesta $ 0.75<\/li>\n<li>Los cajeros autom\u00e1ticos no VFCU cuestan $ 2.50 para usar<\/li>\n<li>Banca en l\u00ednea gratuita: Pago de facturas, estados de cuenta electr\u00f3nicos, Mobiliti, alertas de texto<\/li>\n<li>Servicio notarial gratuito<\/li>\n<li>D\u00e9bito Visa (con puntos UChoose Rewards)<\/li>\n<\/ul>\n","protected":false},"excerpt":{"rendered":"<p>Requisitos de Balance M\u00ednimo: El balance m\u00ednimo requerido para abrir la cuenta es de $25.00. Beneficios Sin tarifa de servicio mensual Los cajeros autom\u00e1ticos de VFCU son de uso gratuito El uso del cajero autom\u00e1tico Stripes cuesta $ 0.75 Los cajeros autom\u00e1ticos no VFCU cuestan $ 2.50 para usar Banca en l\u00ednea gratuita: Pago de [&hellip;]<\/p>\n","protected":false},"author":1,"featured_media":6509,"parent":135,"menu_order":1,"comment_status":"open","ping_status":"closed","template":"","meta":{"footnotes":""},"class_list":["post-6501","page","type-page","status-publish","has-post-thumbnail","hentry"],"_links":{"self":[{"href":"https:\/\/www.vfcu.net\/es\/wp-json\/wp\/v2\/pages\/6501","targetHints":{"allow":["GET"]}}],"collection":[{"href":"https:\/\/www.vfcu.net\/es\/wp-json\/wp\/v2\/pages"}],"about":[{"href":"https:\/\/www.vfcu.net\/es\/wp-json\/wp\/v2\/types\/page"}],"author":[{"embeddable":true,"href":"https:\/\/www.vfcu.net\/es\/wp-json\/wp\/v2\/users\/1"}],"replies":[{"embeddable":true,"href":"https:\/\/www.vfcu.net\/es\/wp-json\/wp\/v2\/comments?post=6501"}],"version-history":[{"count":0,"href":"https:\/\/www.vfcu.net\/es\/wp-json\/wp\/v2\/pages\/6501\/revisions"}],"up":[{"embeddable":true,"href":"https:\/\/www.vfcu.net\/es\/wp-json\/wp\/v2\/pages\/135"}],"wp:featuredmedia":[{"embeddable":true,"href":"https:\/\/www.vfcu.net\/es\/wp-json\/wp\/v2\/media\/6509"}],"wp:attachment":[{"href":"https:\/\/www.vfcu.net\/es\/wp-json\/wp\/v2\/media?parent=6501"}],"curies":[{"name":"wp","href":"https:\/\/api.w.org\/{rel}","templated":true}]}}