{"id":66,"date":"2011-12-02T18:22:25","date_gmt":"2011-12-02T18:22:25","guid":{"rendered":"http:\/\/themewizardry.com\/wp\/?page_id=66"},"modified":"2025-09-09T17:47:31","modified_gmt":"2025-09-09T17:47:31","slug":"become-a-member-local-federal-credit-union","status":"publish","type":"page","link":"https:\/\/www.vfcu.net\/es\/become-a-member-local-federal-credit-union\/","title":{"rendered":"Convi\u00e9rtase en Miembro"},"content":{"rendered":"<p>\u00bfQuiere ser parte de una instituci\u00f3n financiera que ayuda a sus miembros? Valley Federal Credit Union tiene la estabilidad que usted necesita. \u00a1Si usted vive, trabaja y va a la escuela en el condado de Cameron o Willacy, puede formar parte de nuestra familia!<\/p>\n<p>Los miembros de VFCU disfrutan de cuentas de cheques gratis y tarifas de APR y APY, entre otras cosas. Nosotros adicionalmente tenemos cajeros autom\u00e1ticos en 700 localidades de Stripes en todo el Valle que se acoplan muy bien con nuestro servicio al cliente.<\/p>\n<p><strong>Para m\u00e1s informaci\u00f3n acerca de c\u00f3mo formar parte de VFCU, vis\u00edtenos en nuestras localidades,<a href=\"https:\/\/www.vfcu.net\/contact\/\"> llame a nuestra oficina en Brownsville al 956.546.3108 o ll\u00e1menos en Harlingen al 956.425.5668<\/a><\/strong>.<\/p>\n<p>&nbsp;<\/p>\n","protected":false},"excerpt":{"rendered":"<p>\u00bfQuiere ser parte de una instituci\u00f3n financiera que ayuda a sus miembros? Valley Federal Credit Union tiene la estabilidad que usted necesita. \u00a1Si usted vive, trabaja y va a la escuela en el condado de Cameron o Willacy, puede formar parte de nuestra familia! Los miembros de VFCU disfrutan de cuentas de cheques gratis y [&hellip;]<\/p>\n","protected":false},"author":1,"featured_media":2967,"parent":0,"menu_order":17,"comment_status":"open","ping_status":"closed","template":"","meta":{"footnotes":""},"class_list":["post-66","page","type-page","status-publish","has-post-thumbnail","hentry"],"_links":{"self":[{"href":"https:\/\/www.vfcu.net\/es\/wp-json\/wp\/v2\/pages\/66","targetHints":{"allow":["GET"]}}],"collection":[{"href":"https:\/\/www.vfcu.net\/es\/wp-json\/wp\/v2\/pages"}],"about":[{"href":"https:\/\/www.vfcu.net\/es\/wp-json\/wp\/v2\/types\/page"}],"author":[{"embeddable":true,"href":"https:\/\/www.vfcu.net\/es\/wp-json\/wp\/v2\/users\/1"}],"replies":[{"embeddable":true,"href":"https:\/\/www.vfcu.net\/es\/wp-json\/wp\/v2\/comments?post=66"}],"version-history":[{"count":0,"href":"https:\/\/www.vfcu.net\/es\/wp-json\/wp\/v2\/pages\/66\/revisions"}],"wp:featuredmedia":[{"embeddable":true,"href":"https:\/\/www.vfcu.net\/es\/wp-json\/wp\/v2\/media\/2967"}],"wp:attachment":[{"href":"https:\/\/www.vfcu.net\/es\/wp-json\/wp\/v2\/media?parent=66"}],"curies":[{"name":"wp","href":"https:\/\/api.w.org\/{rel}","templated":true}]}}