{"id":8,"date":"2011-12-12T22:01:13","date_gmt":"2011-12-12T22:01:13","guid":{"rendered":"https:\/\/www.vfcu.net\/?page_id=8"},"modified":"2025-01-31T15:44:17","modified_gmt":"2025-01-31T15:44:17","slug":"equity","status":"publish","type":"page","link":"https:\/\/www.vfcu.net\/es\/loans\/equity\/","title":{"rendered":"Pr\u00e9stamos con Garant\u00eda Hipotecaria"},"content":{"rendered":"<p>Dese la oportunidad de tener la casa de sus sue\u00f1os con nuestros pr\u00e9stamos con garant\u00eda hipotecaria. Con una tasa APR tan baja como al 4.9%, el hogar de sus sue\u00f1os se convertir\u00e1 en un sue\u00f1o hecho realidad.<\/p>\n<ul>\n<li>Remodele Su Hogar<\/li>\n<li>Page la Educaci\u00f3n de Sus Hijos<\/li>\n<li>Financi\u00e9 la Compra de Su Segunda Casa<\/li>\n<li>Consolide Sus Deudas de Alto Inter\u00e9s<\/li>\n<\/ul>\n<h2>Tasas de Pr\u00e9stamo*<\/h2>\n<p>Pr\u00e9stamos de lote de hasta 10 a\u00f1os tan bajos como 5.00%**<\/p>\n<p>Pr\u00e9stamos con Garant\u00eda Hipotecaria de hasta 15 a\u00f1os tan bajos como 3.90%**<\/p>\n<p>&nbsp;<\/p>\n<p>&nbsp;<\/p>\n<p><strong>* Las tarifas est\u00e1n sujetas a cambios sin previo aviso.<\/strong><\/p>\n<p><strong>** Ciertos t\u00e9rminos y condiciones aplican. Para obtener m\u00e1s informaci\u00f3n, visite nuestra oficina principal o nuestra rama de Harlingen.<\/strong><\/p>\n<p><a href=\"https:\/\/www.netit.financial-net.com\/valleyfcu-loan\/cgi-bin\/ebs?OLB_CMD-SLN-164&amp;loan_file=..\/loan_master\" class=\"button\" style=\"margin:0 auto; display:block; max-width:250px; font-weight:bold;\" target=\"_blank\" rel=\"noopener\">Aplica Hoy!<\/a><\/p>\n","protected":false},"excerpt":{"rendered":"<p>Dese la oportunidad de tener la casa de sus sue\u00f1os con nuestros pr\u00e9stamos con garant\u00eda hipotecaria. Con una tasa APR tan baja como al 4.9%, el hogar de sus sue\u00f1os se convertir\u00e1 en un sue\u00f1o hecho realidad. Remodele Su Hogar Page la Educaci\u00f3n de Sus Hijos Financi\u00e9 la Compra de Su Segunda Casa Consolide Sus [&hellip;]<\/p>\n","protected":false},"author":1,"featured_media":7234,"parent":115,"menu_order":4,"comment_status":"open","ping_status":"closed","template":"","meta":{"footnotes":""},"class_list":["post-8","page","type-page","status-publish","has-post-thumbnail","hentry"],"_links":{"self":[{"href":"https:\/\/www.vfcu.net\/es\/wp-json\/wp\/v2\/pages\/8","targetHints":{"allow":["GET"]}}],"collection":[{"href":"https:\/\/www.vfcu.net\/es\/wp-json\/wp\/v2\/pages"}],"about":[{"href":"https:\/\/www.vfcu.net\/es\/wp-json\/wp\/v2\/types\/page"}],"author":[{"embeddable":true,"href":"https:\/\/www.vfcu.net\/es\/wp-json\/wp\/v2\/users\/1"}],"replies":[{"embeddable":true,"href":"https:\/\/www.vfcu.net\/es\/wp-json\/wp\/v2\/comments?post=8"}],"version-history":[{"count":0,"href":"https:\/\/www.vfcu.net\/es\/wp-json\/wp\/v2\/pages\/8\/revisions"}],"up":[{"embeddable":true,"href":"https:\/\/www.vfcu.net\/es\/wp-json\/wp\/v2\/pages\/115"}],"wp:featuredmedia":[{"embeddable":true,"href":"https:\/\/www.vfcu.net\/es\/wp-json\/wp\/v2\/media\/7234"}],"wp:attachment":[{"href":"https:\/\/www.vfcu.net\/es\/wp-json\/wp\/v2\/media?parent=8"}],"curies":[{"name":"wp","href":"https:\/\/api.w.org\/{rel}","templated":true}]}}